{"id":201,"date":"2020-09-28T10:37:42","date_gmt":"2020-09-28T08:37:42","guid":{"rendered":"https:\/\/staging.ft-tec.com\/?page_id=201"},"modified":"2020-10-28T12:01:46","modified_gmt":"2020-10-28T11:01:46","slug":"produktion","status":"publish","type":"page","link":"https:\/\/www.ft-tec.com\/es\/produktion\/","title":{"rendered":"producci\u00f3n"},"content":{"rendered":"<div data-elementor-type=\"wp-page\" data-elementor-id=\"201\" class=\"elementor elementor-201\">\n\t\t\t\t\t\t<div class=\"elementor-inner\">\n\t\t\t\t<div class=\"elementor-section-wrap\">\n\t\t\t\t\t\t\t\t\t<section class=\"elementor-section elementor-top-section elementor-element elementor-element-5d693107 elementor-section-boxed elementor-section-height-default elementor-section-height-default\" data-id=\"5d693107\" data-element_type=\"section\" data-settings=\"{&quot;background_background&quot;:&quot;classic&quot;}\">\n\t\t\t\t\t\t<div class=\"elementor-container elementor-column-gap-default\">\n\t\t\t\t\t\t\t<div class=\"elementor-row\">\n\t\t\t\t\t<div class=\"elementor-column elementor-col-100 elementor-top-column elementor-element elementor-element-41ae556f\" data-id=\"41ae556f\" data-element_type=\"column\">\n\t\t\t<div class=\"elementor-column-wrap elementor-element-populated\">\n\t\t\t\t\t\t\t<div class=\"elementor-widget-wrap\">\n\t\t\t\t\t\t<div class=\"elementor-element elementor-element-79a3a7ec elementor-widget elementor-widget-heading\" data-id=\"79a3a7ec\" data-element_type=\"widget\" data-widget_type=\"heading.default\">\n\t\t\t\t<div class=\"elementor-widget-container\">\n\t\t\t<h2 class=\"elementor-heading-title elementor-size-default\">Planta de producci\u00f3n<\/h2>\t\t<\/div>\n\t\t\t\t<\/div>\n\t\t\t\t\t\t<\/div>\n\t\t\t\t\t<\/div>\n\t\t<\/div>\n\t\t\t\t\t\t\t\t<\/div>\n\t\t\t\t\t<\/div>\n\t\t<\/section>\n\t\t\t\t<section class=\"elementor-section elementor-top-section elementor-element elementor-element-c7e6cf0 elementor-section-boxed elementor-section-height-default elementor-section-height-default\" data-id=\"c7e6cf0\" data-element_type=\"section\" data-settings=\"{&quot;background_background&quot;:&quot;classic&quot;}\">\n\t\t\t\t\t\t<div class=\"elementor-container elementor-column-gap-default\">\n\t\t\t\t\t\t\t<div class=\"elementor-row\">\n\t\t\t\t\t<div class=\"elementor-column elementor-col-100 elementor-top-column elementor-element elementor-element-2c34c46\" data-id=\"2c34c46\" data-element_type=\"column\">\n\t\t\t<div class=\"elementor-column-wrap elementor-element-populated\">\n\t\t\t\t\t\t\t<div class=\"elementor-widget-wrap\">\n\t\t\t\t\t\t<div class=\"elementor-element elementor-element-4f611f4 elementor-widget elementor-widget-video\" data-id=\"4f611f4\" data-element_type=\"widget\" data-settings=\"{&quot;video_type&quot;:&quot;hosted&quot;,&quot;controls&quot;:&quot;yes&quot;}\" data-widget_type=\"video.default\">\n\t\t\t\t<div class=\"elementor-widget-container\">\n\t\t\t\t\t<div class=\"e-hosted-video elementor-wrapper elementor-open-inline\">\n\t\t\t\t\t<video class=\"elementor-video\" src=\"https:\/\/www.ft-tec.com\/wp-content\/uploads\/2020\/10\/Produktion_FT_TEC.mp4\" controls=\"\" preload=\"metadata\" controlslist=\"nodownload\"><\/video>\n\t\t\t\t<\/div>\n\t\t\t\t<\/div>\n\t\t\t\t<\/div>\n\t\t\t\t\t\t<\/div>\n\t\t\t\t\t<\/div>\n\t\t<\/div>\n\t\t\t\t\t\t\t\t<\/div>\n\t\t\t\t\t<\/div>\n\t\t<\/section>\n\t\t\t\t<section class=\"elementor-section elementor-top-section elementor-element elementor-element-794e2bde elementor-section-boxed elementor-section-height-default elementor-section-height-default\" data-id=\"794e2bde\" data-element_type=\"section\" data-settings=\"{&quot;background_background&quot;:&quot;classic&quot;}\">\n\t\t\t\t\t\t<div class=\"elementor-container elementor-column-gap-default\">\n\t\t\t\t\t\t\t<div class=\"elementor-row\">\n\t\t\t\t\t<div class=\"elementor-column elementor-col-100 elementor-top-column elementor-element elementor-element-4efb5001\" data-id=\"4efb5001\" data-element_type=\"column\">\n\t\t\t<div class=\"elementor-column-wrap elementor-element-populated\">\n\t\t\t\t\t\t\t<div class=\"elementor-widget-wrap\">\n\t\t\t\t\t\t<div class=\"elementor-element elementor-element-35986ed4 elementor-widget elementor-widget-text-editor\" data-id=\"35986ed4\" data-element_type=\"widget\" data-widget_type=\"text-editor.default\">\n\t\t\t\t<div class=\"elementor-widget-container\">\n\t\t\t\t\t\t\t\t<div class=\"elementor-text-editor elementor-clearfix\">\n\t\t\t\t<p><!-- wp:paragraph --><\/p>\n<p>Nuestra planta de producci\u00f3n est\u00e1 equipada actualmente con m\u00e1quinas de 25t a 500t de fuerza de cierre. Sin excepci\u00f3n, utilizamos m\u00e1quinas y dispositivos perif\u00e9ricos de un solo fabricante para poder garantizar a nuestros empleados una formaci\u00f3n de alta calidad y a nuestros clientes la mejor calidad posible de los productos.<\/p>\n<p><!-- \/wp:paragraph --><\/p>\n<p><!-- wp:paragraph --><\/p>\n<p>Todas nuestras m\u00e1quinas est\u00e1n equipadas con robots y herramientas de automatizaci\u00f3n. El sistema de transporte en seco y central controlado por ordenador garantiza una carga \u00f3ptima de las m\u00e1quinas con materia prima y tambi\u00e9n guarda todos los registros necesarios.<\/p>\n<p><!-- \/wp:paragraph --><\/p>\n<p><!-- wp:paragraph --><\/p>\n<p>A trav\u00e9s de nuestro sistema MES (HYDRA) de MPDV, nuestras m\u00e1quinas est\u00e1n conectadas en red con un centro de control en el que todos los par\u00e1metros de producci\u00f3n necesarios se registran y gestionan de forma centralizada.<\/p>\n<p><!-- \/wp:paragraph --><\/p>\n<p><!-- wp:paragraph --><\/p>\n<p>Todos los formularios utilizados son, sin excepci\u00f3n, propiedad de FT-TEC GmbH o de nuestras empresas asociadas.<\/p>\n<p><!-- \/wp:paragraph --><\/p>\n<p><!-- wp:paragraph --><\/p>\n<p>90 % de nuestros productos son desarrollados, producidos y vendidos internamente. Los 10% restantes se producen en fabricaci\u00f3n por contrato para nuestros clientes y nuestro departamento de QW los comprueba de acuerdo con las especificaciones dadas.<\/p>\n<p><!-- \/wp:paragraph --><\/p>\n<p><!-- wp:heading --><\/p>\n<h2>Criterios de calidad<\/h2>\n<p><!-- \/wp:heading --><\/p>\n<p><!-- wp:paragraph --><\/p>\n<p>Todos los productos de nuestros proveedores est\u00e1n sujetos a estrictos controles de calidad por parte de FT-TEC GmbH. La mayor\u00eda de las empresas proveedoras cumplen con las normas ISO 9001: 2015 y est\u00e1n certificadas en consecuencia.<\/p>\n<p><!-- \/wp:paragraph --><\/p>\t\t\t\t\t<\/div>\n\t\t\t\t\t\t<\/div>\n\t\t\t\t<\/div>\n\t\t\t\t\t\t<\/div>\n\t\t\t\t\t<\/div>\n\t\t<\/div>\n\t\t\t\t\t\t\t\t<\/div>\n\t\t\t\t\t<\/div>\n\t\t<\/section>\n\t\t\t\t\t\t\t\t\t<\/div>\n\t\t\t<\/div>\n\t\t\t\t\t<\/div>","protected":false},"excerpt":{"rendered":"<p>Planta de producci\u00f3n https:\/\/ft-tec.com\/wp-content\/uploads\/2020\/10\/Produktion_FT_TEC.mp4 Nuestra planta de producci\u00f3n est\u00e1 equipada actualmente con m\u00e1quinas de 25t a 500t de fuerza de cierre. Sin excepci\u00f3n, utilizamos m\u00e1quinas y dispositivos perif\u00e9ricos de un solo fabricante para poder garantizar a nuestros empleados una formaci\u00f3n de alta calidad y a nuestros clientes la mejor calidad posible de los productos. Todas nuestras m\u00e1quinas est\u00e1n equipadas con robots y herramientas de automatizaci\u00f3n. El sistema de transporte en seco y central controlado por ordenador garantiza ... <a title=\"producci\u00f3n\" class=\"read-more\" href=\"https:\/\/www.ft-tec.com\/es\/produktion\/\" aria-label=\"Fabricado en producci\u00f3n\">Vaciar m\u00e1s<\/a><\/p>","protected":false},"author":1,"featured_media":0,"parent":0,"menu_order":0,"comment_status":"closed","ping_status":"closed","template":"","meta":[],"aioseo_notices":[],"_links":{"self":[{"href":"https:\/\/www.ft-tec.com\/es\/wp-json\/wp\/v2\/pages\/201"}],"collection":[{"href":"https:\/\/www.ft-tec.com\/es\/wp-json\/wp\/v2\/pages"}],"about":[{"href":"https:\/\/www.ft-tec.com\/es\/wp-json\/wp\/v2\/types\/page"}],"author":[{"embeddable":true,"href":"https:\/\/www.ft-tec.com\/es\/wp-json\/wp\/v2\/users\/1"}],"replies":[{"embeddable":true,"href":"https:\/\/www.ft-tec.com\/es\/wp-json\/wp\/v2\/comments?post=201"}],"version-history":[{"count":0,"href":"https:\/\/www.ft-tec.com\/es\/wp-json\/wp\/v2\/pages\/201\/revisions"}],"wp:attachment":[{"href":"https:\/\/www.ft-tec.com\/es\/wp-json\/wp\/v2\/media?parent=201"}],"curies":[{"name":"wp","href":"https:\/\/api.w.org\/{rel}","templated":true}]}}