{"id":224,"date":"2020-09-28T10:45:11","date_gmt":"2020-09-28T08:45:11","guid":{"rendered":"https:\/\/staging.ft-tec.com\/?page_id=224"},"modified":"2020-10-29T14:46:24","modified_gmt":"2020-10-29T13:46:24","slug":"impressum","status":"publish","type":"page","link":"https:\/\/www.ft-tec.com\/es\/impressum\/","title":{"rendered":"imprimir"},"content":{"rendered":"<div data-elementor-type=\"wp-page\" data-elementor-id=\"224\" class=\"elementor elementor-224\">\n\t\t\t\t\t\t<div class=\"elementor-inner\">\n\t\t\t\t<div class=\"elementor-section-wrap\">\n\t\t\t\t\t\t\t\t\t<section class=\"elementor-section elementor-top-section elementor-element elementor-element-2a2b060 elementor-section-boxed elementor-section-height-default elementor-section-height-default\" data-id=\"2a2b060\" data-element_type=\"section\" data-settings=\"{&quot;background_background&quot;:&quot;classic&quot;}\">\n\t\t\t\t\t\t<div class=\"elementor-container elementor-column-gap-default\">\n\t\t\t\t\t\t\t<div class=\"elementor-row\">\n\t\t\t\t\t<div class=\"elementor-column elementor-col-100 elementor-top-column elementor-element elementor-element-8f94fff\" data-id=\"8f94fff\" data-element_type=\"column\">\n\t\t\t<div class=\"elementor-column-wrap elementor-element-populated\">\n\t\t\t\t\t\t\t<div class=\"elementor-widget-wrap\">\n\t\t\t\t\t\t<div class=\"elementor-element elementor-element-fe8c4a3 elementor-widget elementor-widget-heading\" data-id=\"fe8c4a3\" data-element_type=\"widget\" data-widget_type=\"heading.default\">\n\t\t\t\t<div class=\"elementor-widget-container\">\n\t\t\t<h2 class=\"elementor-heading-title elementor-size-default\">imprimir<\/h2>\t\t<\/div>\n\t\t\t\t<\/div>\n\t\t\t\t\t\t<\/div>\n\t\t\t\t\t<\/div>\n\t\t<\/div>\n\t\t\t\t\t\t\t\t<\/div>\n\t\t\t\t\t<\/div>\n\t\t<\/section>\n\t\t\t\t<section class=\"elementor-section elementor-top-section elementor-element elementor-element-e4d02ec elementor-section-boxed elementor-section-height-default elementor-section-height-default\" data-id=\"e4d02ec\" data-element_type=\"section\" data-settings=\"{&quot;background_background&quot;:&quot;classic&quot;}\">\n\t\t\t\t\t\t<div class=\"elementor-container elementor-column-gap-default\">\n\t\t\t\t\t\t\t<div class=\"elementor-row\">\n\t\t\t\t\t<div class=\"elementor-column elementor-col-33 elementor-top-column elementor-element elementor-element-150a95d\" data-id=\"150a95d\" data-element_type=\"column\">\n\t\t\t<div class=\"elementor-column-wrap elementor-element-populated\">\n\t\t\t\t\t\t\t<div class=\"elementor-widget-wrap\">\n\t\t\t\t\t\t<div class=\"elementor-element elementor-element-3f70281 elementor-widget elementor-widget-text-editor\" data-id=\"3f70281\" data-element_type=\"widget\" data-widget_type=\"text-editor.default\">\n\t\t\t\t<div class=\"elementor-widget-container\">\n\t\t\t\t\t\t\t\t<div class=\"elementor-text-editor elementor-clearfix\">\n\t\t\t\t<h2 style=\"font-family: 'Open Sans'; font-style: normal;\">FT-TEC GmbH<\/h2>\n<p style=\"font-family: 'Open Sans'; font-style: normal;\">Werner von Siemens-Strasse 5<br \/>7343 Neutal<\/p>\n<p>N\u00famero de IVA: ATU63880955<br \/>N\u00famero de registro mercantil: FN 303411 v<\/p>\t\t\t\t\t<\/div>\n\t\t\t\t\t\t<\/div>\n\t\t\t\t<\/div>\n\t\t\t\t\t\t<\/div>\n\t\t\t\t\t<\/div>\n\t\t<\/div>\n\t\t\t\t<div class=\"elementor-column elementor-col-33 elementor-top-column elementor-element elementor-element-24a3203\" data-id=\"24a3203\" data-element_type=\"column\">\n\t\t\t<div class=\"elementor-column-wrap elementor-element-populated\">\n\t\t\t\t\t\t\t<div class=\"elementor-widget-wrap\">\n\t\t\t\t\t\t<div class=\"elementor-element elementor-element-8040db5 elementor-widget elementor-widget-text-editor\" data-id=\"8040db5\" data-element_type=\"widget\" data-widget_type=\"text-editor.default\">\n\t\t\t\t<div class=\"elementor-widget-container\">\n\t\t\t\t\t\t\t\t<div class=\"elementor-text-editor elementor-clearfix\">\n\t\t\t\t<h2>FT-TEC Trading GmbH<\/h2><p>Werner von Siemens-Strasse 5<br \/>7343 Neutal<\/p><p>N\u00famero de IVA: ATU68952626<br \/>N\u00famero de registro mercantil: FN 421268 m<\/p>\t\t\t\t\t<\/div>\n\t\t\t\t\t\t<\/div>\n\t\t\t\t<\/div>\n\t\t\t\t\t\t<\/div>\n\t\t\t\t\t<\/div>\n\t\t<\/div>\n\t\t\t\t<div class=\"elementor-column elementor-col-33 elementor-top-column elementor-element elementor-element-de68c72\" data-id=\"de68c72\" data-element_type=\"column\">\n\t\t\t<div class=\"elementor-column-wrap elementor-element-populated\">\n\t\t\t\t\t\t\t<div class=\"elementor-widget-wrap\">\n\t\t\t\t\t\t<div class=\"elementor-element elementor-element-072cfd7 elementor-widget elementor-widget-text-editor\" data-id=\"072cfd7\" data-element_type=\"widget\" data-widget_type=\"text-editor.default\">\n\t\t\t\t<div class=\"elementor-widget-container\">\n\t\t\t\t\t\t\t\t<div class=\"elementor-text-editor elementor-clearfix\">\n\t\t\t\t<h2 style=\"font-family: 'Open Sans'; font-style: normal;\">FT-TEC Electronics GmbH<\/h2>\n<p style=\"font-family: 'Open Sans'; font-style: normal;\">W.<span style=\"font-family: var( --e-global-typography-text-font-family ); font-weight: var( --e-global-typography-text-font-weight );\">Erner de Siemens-Strasse 5<br \/><\/span>7343 Neutal<\/p>\n<p>N\u00famero de IVA: ATU68952323<br \/>N\u00famero de registro mercantil: FN 421269 p<\/p>\t\t\t\t\t<\/div>\n\t\t\t\t\t\t<\/div>\n\t\t\t\t<\/div>\n\t\t\t\t\t\t<\/div>\n\t\t\t\t\t<\/div>\n\t\t<\/div>\n\t\t\t\t\t\t\t\t<\/div>\n\t\t\t\t\t<\/div>\n\t\t<\/section>\n\t\t\t\t<section class=\"elementor-section elementor-top-section elementor-element elementor-element-1ad5a83 elementor-section-boxed elementor-section-height-default elementor-section-height-default\" data-id=\"1ad5a83\" data-element_type=\"section\" data-settings=\"{&quot;background_background&quot;:&quot;classic&quot;}\">\n\t\t\t\t\t\t<div class=\"elementor-container elementor-column-gap-default\">\n\t\t\t\t\t\t\t<div class=\"elementor-row\">\n\t\t\t\t\t<div class=\"elementor-column elementor-col-100 elementor-top-column elementor-element elementor-element-1d4a3de\" data-id=\"1d4a3de\" data-element_type=\"column\">\n\t\t\t<div class=\"elementor-column-wrap elementor-element-populated\">\n\t\t\t\t\t\t\t<div class=\"elementor-widget-wrap\">\n\t\t\t\t\t\t<div class=\"elementor-element elementor-element-171796b elementor-widget elementor-widget-text-editor\" data-id=\"171796b\" data-element_type=\"widget\" data-widget_type=\"text-editor.default\">\n\t\t\t\t<div class=\"elementor-widget-container\">\n\t\t\t\t\t\t\t\t<div class=\"elementor-text-editor elementor-clearfix\">\n\t\t\t\t<p>Tel\u00e9fono: +43 (0) 2618 20455-0<br \/>Fax: +43 (0) 2618 20455-9010<br \/>Correo electr\u00f3nico: office@ft-tec.com<\/p>\n<p>Director general: DI (FH) Friedrich Trobolowitsch, MSc<br \/>Lugar de jurisdicci\u00f3n: Wiener Neustadt<br \/>Membres\u00eda de la c\u00e1mara: C\u00e1mara de Comercio de Burgenland<br \/>Objeto de la empresa: Mayorista general<\/p>\t\t\t\t\t<\/div>\n\t\t\t\t\t\t<\/div>\n\t\t\t\t<\/div>\n\t\t\t\t\t\t<\/div>\n\t\t\t\t\t<\/div>\n\t\t<\/div>\n\t\t\t\t\t\t\t\t<\/div>\n\t\t\t\t\t<\/div>\n\t\t<\/section>\n\t\t\t\t<section class=\"elementor-section elementor-top-section elementor-element elementor-element-e3ae814 elementor-section-boxed elementor-section-height-default elementor-section-height-default\" data-id=\"e3ae814\" data-element_type=\"section\" data-settings=\"{&quot;background_background&quot;:&quot;classic&quot;}\">\n\t\t\t\t\t\t<div class=\"elementor-container elementor-column-gap-default\">\n\t\t\t\t\t\t\t<div class=\"elementor-row\">\n\t\t\t\t\t<div class=\"elementor-column elementor-col-100 elementor-top-column elementor-element elementor-element-da435b4\" data-id=\"da435b4\" data-element_type=\"column\">\n\t\t\t<div class=\"elementor-column-wrap elementor-element-populated\">\n\t\t\t\t\t\t\t<div class=\"elementor-widget-wrap\">\n\t\t\t\t\t\t<div class=\"elementor-element elementor-element-ceb54b6 elementor-widget elementor-widget-google_maps\" data-id=\"ceb54b6\" data-element_type=\"widget\" data-widget_type=\"google_maps.default\">\n\t\t\t\t<div class=\"elementor-widget-container\">\n\t\t\t\t\t<div class=\"elementor-custom-embed\">\n\t\t\t<div class=\"BorlabsCookie _brlbs-cb-googlemaps\"><div class=\"_brlbs-content-blocker\"> <div class=\"_brlbs-embed _brlbs-google-maps\"> <img class=\"_brlbs-thumbnail\" src=\"https:\/\/www.ft-tec.com\/wp-content\/plugins\/borlabs-cookie\/assets\/images\/cb-maps.png\" alt=\"Google Maps\"> <div class=\"_brlbs-caption\"> <p>Al cargar la tarjeta, acepta la pol\u00edtica de privacidad de Google.<br><a href=\"https:\/\/policies.google.com\/privacy\" target=\"_blank\" rel=\"nofollow noopener noreferrer\">Aprende m\u00e1s<\/a><\/p> <p><a class=\"_brlbs-btn\" href=\"#\" data-borlabs-cookie-unblock role=\"button\">Cargar tarjeta<\/a><\/p> <p><label><input type=\"checkbox\" name=\"unblockAll\" value=\"1\" checked> <small>Desbloquear siempre Google Maps<\/small><\/label><\/p> <\/div> <\/div> <\/div><div class=\"borlabs-hide\" data-borlabs-cookie-type=\"content-blocker\" data-borlabs-cookie-id=\"googlemaps\"><script type=\"text\/template\">PGlmcmFtZSBsb2FkaW5nPSJsYXp5IgoJCQkJCXNyYz0iaHR0cHM6Ly9tYXBzLmdvb2dsZS5jb20vbWFwcz9xPU5ldXRhbCUyQyUyMFdlcm5lciUyMHZvbiUyMFNpZW1lbnMtU3RyYSVDMyU5RmUlMjA1JiMwMzg7dD1tJiMwMzg7ej0xMCYjMDM4O291dHB1dD1lbWJlZCYjMDM4O2l3bG9jPW5lYXIiCgkJCQkJdGl0bGU9Ik5ldXRhbCwgV2VybmVyIHZvbiBTaWVtZW5zLVN0cmHDn2UgNSIKCQkJCQlhcmlhLWxhYmVsPSJOZXV0YWwsIFdlcm5lciB2b24gU2llbWVucy1TdHJhw59lIDUiCgkJCT48L2lmcmFtZT4=<\/script><\/div><\/div>\n\t\t<\/div>\n\t\t\t\t<\/div>\n\t\t\t\t<\/div>\n\t\t\t\t\t\t<\/div>\n\t\t\t\t\t<\/div>\n\t\t<\/div>\n\t\t\t\t\t\t\t\t<\/div>\n\t\t\t\t\t<\/div>\n\t\t<\/section>\n\t\t\t\t<section class=\"elementor-section elementor-top-section elementor-element elementor-element-5d74a38 elementor-section-boxed elementor-section-height-default elementor-section-height-default\" data-id=\"5d74a38\" data-element_type=\"section\" data-settings=\"{&quot;background_background&quot;:&quot;classic&quot;}\">\n\t\t\t\t\t\t<div class=\"elementor-container elementor-column-gap-default\">\n\t\t\t\t\t\t\t<div class=\"elementor-row\">\n\t\t\t\t\t<div class=\"elementor-column elementor-col-100 elementor-top-column elementor-element elementor-element-0668a2f\" data-id=\"0668a2f\" data-element_type=\"column\">\n\t\t\t<div class=\"elementor-column-wrap elementor-element-populated\">\n\t\t\t\t\t\t\t<div class=\"elementor-widget-wrap\">\n\t\t\t\t\t\t<div class=\"elementor-element elementor-element-cdd9bbb elementor-widget elementor-widget-spacer\" data-id=\"cdd9bbb\" data-element_type=\"widget\" data-widget_type=\"spacer.default\">\n\t\t\t\t<div class=\"elementor-widget-container\">\n\t\t\t\t\t<div class=\"elementor-spacer\">\n\t\t\t<div class=\"elementor-spacer-inner\"><\/div>\n\t\t<\/div>\n\t\t\t\t<\/div>\n\t\t\t\t<\/div>\n\t\t\t\t\t\t<\/div>\n\t\t\t\t\t<\/div>\n\t\t<\/div>\n\t\t\t\t\t\t\t\t<\/div>\n\t\t\t\t\t<\/div>\n\t\t<\/section>\n\t\t\t\t<section class=\"elementor-section elementor-top-section elementor-element elementor-element-d6deccd elementor-section-boxed elementor-section-height-default elementor-section-height-default\" data-id=\"d6deccd\" data-element_type=\"section\" data-settings=\"{&quot;background_background&quot;:&quot;classic&quot;}\">\n\t\t\t\t\t\t<div class=\"elementor-container elementor-column-gap-default\">\n\t\t\t\t\t\t\t<div class=\"elementor-row\">\n\t\t\t\t\t<div class=\"elementor-column elementor-col-100 elementor-top-column elementor-element elementor-element-eca19db\" data-id=\"eca19db\" data-element_type=\"column\">\n\t\t\t<div class=\"elementor-column-wrap elementor-element-populated\">\n\t\t\t\t\t\t\t<div class=\"elementor-widget-wrap\">\n\t\t\t\t\t\t<div class=\"elementor-element elementor-element-1008e28 elementor-widget elementor-widget-heading\" data-id=\"1008e28\" data-element_type=\"widget\" data-widget_type=\"heading.default\">\n\t\t\t\t<div class=\"elementor-widget-container\">\n\t\t\t<h2 class=\"elementor-heading-title elementor-size-default\">Exenci\u00f3n de responsabilidad<\/h2>\t\t<\/div>\n\t\t\t\t<\/div>\n\t\t\t\t\t\t<\/div>\n\t\t\t\t\t<\/div>\n\t\t<\/div>\n\t\t\t\t\t\t\t\t<\/div>\n\t\t\t\t\t<\/div>\n\t\t<\/section>\n\t\t\t\t<section class=\"elementor-section elementor-top-section elementor-element elementor-element-0de23a0 elementor-section-boxed elementor-section-height-default elementor-section-height-default\" data-id=\"0de23a0\" data-element_type=\"section\" data-settings=\"{&quot;background_background&quot;:&quot;classic&quot;}\">\n\t\t\t\t\t\t<div class=\"elementor-container elementor-column-gap-default\">\n\t\t\t\t\t\t\t<div class=\"elementor-row\">\n\t\t\t\t\t<div class=\"elementor-column elementor-col-100 elementor-top-column elementor-element elementor-element-694321d\" data-id=\"694321d\" data-element_type=\"column\">\n\t\t\t<div class=\"elementor-column-wrap elementor-element-populated\">\n\t\t\t\t\t\t\t<div class=\"elementor-widget-wrap\">\n\t\t\t\t\t\t<div class=\"elementor-element elementor-element-6886fca elementor-widget elementor-widget-text-editor\" data-id=\"6886fca\" data-element_type=\"widget\" data-widget_type=\"text-editor.default\">\n\t\t\t\t<div class=\"elementor-widget-container\">\n\t\t\t\t\t\t\t\t<div class=\"elementor-text-editor elementor-clearfix\">\n\t\t\t\t<p><strong>1. Contenido de la oferta en l\u00ednea <\/strong><em><strong><br \/><\/strong><\/em>El autor no asume ninguna responsabilidad por la actualidad, exactitud, integridad o calidad de la informaci\u00f3n proporcionada. Las reclamaciones de responsabilidad contra el autor relacionadas con da\u00f1os materiales o inmateriales causados por el uso o no uso de la informaci\u00f3n proporcionada o por el uso de informaci\u00f3n incorrecta e incompleta generalmente est\u00e1n excluidas, a menos que se pueda demostrar que el autor actu\u00f3 de manera intencional o negligente grave. Tiene la culpa. Todas las ofertas son sin compromiso. El autor se reserva expresamente el derecho de cambiar, agregar o eliminar partes de las p\u00e1ginas o la oferta completa o de suspender temporal o permanentemente la publicaci\u00f3n sin previo aviso.<\/p><p><strong>2. Referencias y enlaces <\/strong><\/p><p>En el caso de referencias directas o indirectas a sitios web externos (&quot;hiperv\u00ednculos&quot;) que est\u00e9n fuera del \u00e1rea de responsabilidad del autor, la responsabilidad solo entrar\u00eda en vigor si el autor conoc\u00eda el contenido y era t\u00e9cnicamente posible y razonable para \u00e9l. para evitar su uso en caso de contenido ilegal. El autor declara expresamente que en el momento en que se estableci\u00f3 el enlace, no se reconoc\u00eda ning\u00fan contenido ilegal en las p\u00e1ginas enlazadas. El autor no tiene ninguna influencia sobre el dise\u00f1o, contenido o autor\u00eda actual y futuro de las p\u00e1ginas enlazadas. Por lo tanto, se distancia expresamente de todos los contenidos de todas las p\u00e1ginas enlazadas \/ conectadas que se cambiaron despu\u00e9s de que se estableci\u00f3 el enlace. Esta declaraci\u00f3n se aplica a todos los enlaces y referencias establecidos dentro del sitio web del propio autor, as\u00ed como a las entradas de terceros en libros de visitas, foros de discusi\u00f3n, directorios de enlaces, listas de correo y todas las dem\u00e1s formas de bases de datos a cuyo contenido es posible el acceso de escritura externa. Por contenidos il\u00edcitos, incorrectos o incompletos y especialmente por da\u00f1os resultantes del uso o no uso de la informaci\u00f3n presentada de esta forma, el proveedor de la p\u00e1gina a la que se hizo referencia es el \u00fanico responsable, no la persona que simplemente se refiere a la publicaci\u00f3n respectiva a trav\u00e9s de enlaces.<\/p><p><strong>3. Derecho de autor y marcas registradas <\/strong><\/p><p>El autor se esfuerza por respetar los derechos de autor de los gr\u00e1ficos, documentos de audio, secuencias de v\u00eddeo y textos utilizados en todas las publicaciones, utilizar gr\u00e1ficos, documentos de audio, secuencias de v\u00eddeo y textos creados por \u00e9l mismo o utilizar gr\u00e1ficos, documentos de audio, secuencias de v\u00eddeo y textos sin licencia. Todas las marcas y marcas comerciales mencionadas en el sitio web y posiblemente protegidas por terceros est\u00e1n sujetas sin restricci\u00f3n a las disposiciones de la ley de marcas comerciales aplicable y a los derechos de propiedad del propietario registrado respectivo. La conclusi\u00f3n de que las marcas comerciales no est\u00e1n protegidas por los derechos de terceros no debe extraerse simplemente porque se mencionan. Los derechos de autor de los objetos publicados creados por el autor pertenecen exclusivamente al autor de las p\u00e1ginas. No se permite la reproducci\u00f3n ni el uso de tales gr\u00e1ficos, archivos de audio, secuencias de video y textos en otras publicaciones electr\u00f3nicas o impresas sin el consentimiento expreso del autor.<\/p><p><strong>4. Privacidad <\/strong><\/p><p>Si existe la posibilidad de ingresar datos personales o comerciales (direcciones de correo electr\u00f3nico, nombres, direcciones) en el sitio web, la entrada de estos datos se realiza de forma voluntaria. El uso y pago de todos los servicios ofrecidos est\u00e1 permitido, en la medida de lo t\u00e9cnicamente posible y razonable, sin especificar dichos datos o bajo la especificaci\u00f3n de datos an\u00f3nimos o un seud\u00f3nimo. No se permite el uso de los datos de contacto publicados en el pie de imprenta o informaci\u00f3n comparable como direcciones postales, n\u00fameros de tel\u00e9fono y fax y direcciones de correo electr\u00f3nico por parte de terceros para enviar informaci\u00f3n que no haya sido solicitada expresamente. Nos reservamos expresamente el derecho de tomar medidas legales contra los remitentes de los llamados correos spam que violen esta prohibici\u00f3n.<\/p><p><strong>5. Validez legal de este descargo de responsabilidad <\/strong><\/p><p>Esta exenci\u00f3n de responsabilidad debe considerarse parte de la publicaci\u00f3n de Internet desde la que se le remiti\u00f3. Si partes o formulaciones individuales de este texto no se corresponden, ya no se corresponden completamente con la situaci\u00f3n legal actual, las partes restantes del documento no se ven afectadas en su contenido y validez.<\/p>\t\t\t\t\t<\/div>\n\t\t\t\t\t\t<\/div>\n\t\t\t\t<\/div>\n\t\t\t\t\t\t<\/div>\n\t\t\t\t\t<\/div>\n\t\t<\/div>\n\t\t\t\t\t\t\t\t<\/div>\n\t\t\t\t\t<\/div>\n\t\t<\/section>\n\t\t\t\t\t\t\t\t\t<\/div>\n\t\t\t<\/div>\n\t\t\t\t\t<\/div>","protected":false},"excerpt":{"rendered":"<p>Pie de imprenta FT-TEC GmbH Werner von Siemens-Strasse 57343 Neutal N\u00famero de IVA: ATU63880955 N\u00famero de registro de la empresa: FN 303411 v FT-TEC Trading GmbH Werner von Siemens-Strasse 57343 Neutal N\u00famero de IVA: ATU68952626 N\u00famero de registro de la empresa: FN 421268 m FT-TEC Electronics GmbH Werner von Siemens -Stra\u00dfe 57343 Neutal UID no.: ATU68952323 N\u00famero de registro mercantil: FN 421269 p Tel\u00e9fono: +43 (0) 2618 20455-0 Fax: +43 (0) 2618 20455-9010 Correo electr\u00f3nico: office@ft-tec.com Director general: DI (FH) Friedrich ... <a title=\"imprimir\" class=\"read-more\" href=\"https:\/\/www.ft-tec.com\/es\/impressum\/\" aria-label=\"M\u00e1s en Pie de imprenta\">Vaciar m\u00e1s<\/a><\/p>","protected":false},"author":1,"featured_media":0,"parent":0,"menu_order":0,"comment_status":"closed","ping_status":"closed","template":"","meta":[],"aioseo_notices":[],"_links":{"self":[{"href":"https:\/\/www.ft-tec.com\/es\/wp-json\/wp\/v2\/pages\/224"}],"collection":[{"href":"https:\/\/www.ft-tec.com\/es\/wp-json\/wp\/v2\/pages"}],"about":[{"href":"https:\/\/www.ft-tec.com\/es\/wp-json\/wp\/v2\/types\/page"}],"author":[{"embeddable":true,"href":"https:\/\/www.ft-tec.com\/es\/wp-json\/wp\/v2\/users\/1"}],"replies":[{"embeddable":true,"href":"https:\/\/www.ft-tec.com\/es\/wp-json\/wp\/v2\/comments?post=224"}],"version-history":[{"count":0,"href":"https:\/\/www.ft-tec.com\/es\/wp-json\/wp\/v2\/pages\/224\/revisions"}],"wp:attachment":[{"href":"https:\/\/www.ft-tec.com\/es\/wp-json\/wp\/v2\/media?parent=224"}],"curies":[{"name":"wp","href":"https:\/\/api.w.org\/{rel}","templated":true}]}}