{"id":692,"date":"2020-10-19T11:45:40","date_gmt":"2020-10-19T09:45:40","guid":{"rendered":"https:\/\/staging.ft-tec.com\/?page_id=692"},"modified":"2020-11-05T12:10:45","modified_gmt":"2020-11-05T11:10:45","slug":"faceshields-produktion","status":"publish","type":"page","link":"https:\/\/www.ft-tec.com\/es\/faceshields-produktion\/","title":{"rendered":"Producci\u00f3n de protectores faciales"},"content":{"rendered":"<div data-elementor-type=\"wp-page\" data-elementor-id=\"692\" class=\"elementor elementor-692\">\n\t\t\t\t\t\t<div class=\"elementor-inner\">\n\t\t\t\t<div class=\"elementor-section-wrap\">\n\t\t\t\t\t\t\t\t\t<section class=\"elementor-section elementor-top-section elementor-element elementor-element-4ace8cb9 elementor-section-boxed elementor-section-height-default elementor-section-height-default\" data-id=\"4ace8cb9\" data-element_type=\"section\" data-settings=\"{&quot;background_background&quot;:&quot;classic&quot;}\">\n\t\t\t\t\t\t<div class=\"elementor-container elementor-column-gap-default\">\n\t\t\t\t\t\t\t<div class=\"elementor-row\">\n\t\t\t\t\t<div class=\"elementor-column elementor-col-100 elementor-top-column elementor-element elementor-element-43602ddc\" data-id=\"43602ddc\" data-element_type=\"column\">\n\t\t\t<div class=\"elementor-column-wrap elementor-element-populated\">\n\t\t\t\t\t\t\t<div class=\"elementor-widget-wrap\">\n\t\t\t\t\t\t<div class=\"elementor-element elementor-element-47f35a6d elementor-widget elementor-widget-heading\" data-id=\"47f35a6d\" data-element_type=\"widget\" data-widget_type=\"heading.default\">\n\t\t\t\t<div class=\"elementor-widget-container\">\n\t\t\t<h1 class=\"elementor-heading-title elementor-size-default\">Caretas<\/h1>\t\t<\/div>\n\t\t\t\t<\/div>\n\t\t\t\t\t\t<\/div>\n\t\t\t\t\t<\/div>\n\t\t<\/div>\n\t\t\t\t\t\t\t\t<\/div>\n\t\t\t\t\t<\/div>\n\t\t<\/section>\n\t\t\t\t<section class=\"elementor-section elementor-top-section elementor-element elementor-element-6191be9b elementor-section-boxed elementor-section-height-default elementor-section-height-default\" data-id=\"6191be9b\" data-element_type=\"section\" data-settings=\"{&quot;shape_divider_bottom&quot;:&quot;tilt&quot;,&quot;background_background&quot;:&quot;classic&quot;}\">\n\t\t\t\t\t<div class=\"elementor-shape elementor-shape-bottom\" data-negative=\"false\">\n\t\t\t<svg xmlns=\"http:\/\/www.w3.org\/2000\/svg\" viewbox=\"0 0 1000 100\" preserveaspectratio=\"none\">\n\t<path class=\"elementor-shape-fill\" d=\"M0,6V0h1000v100L0,6z\"\/>\n<\/svg>\t\t<\/div>\n\t\t\t\t\t<div class=\"elementor-container elementor-column-gap-default\">\n\t\t\t\t\t\t\t<div class=\"elementor-row\">\n\t\t\t\t\t<div class=\"elementor-column elementor-col-33 elementor-top-column elementor-element elementor-element-16f06d40\" data-id=\"16f06d40\" data-element_type=\"column\">\n\t\t\t<div class=\"elementor-column-wrap elementor-element-populated\">\n\t\t\t\t\t\t\t<div class=\"elementor-widget-wrap\">\n\t\t\t\t\t\t<div class=\"elementor-element elementor-element-69a9d9f elementor-widget elementor-widget-image\" data-id=\"69a9d9f\" data-element_type=\"widget\" data-widget_type=\"image.default\">\n\t\t\t\t<div class=\"elementor-widget-container\">\n\t\t\t\t\t\t\t\t<div class=\"elementor-image\">\n\t\t\t\t\t\t\t\t\t\t\t\t<img width=\"1000\" height=\"568\" src=\"https:\/\/www.ft-tec.com\/wp-content\/uploads\/2020\/10\/Faceshield.jpg\" class=\"attachment-large size-large wp-image-765\" alt=\"\" loading=\"lazy\" srcset=\"https:\/\/www.ft-tec.com\/wp-content\/uploads\/2020\/10\/Faceshield.jpg 1000w, https:\/\/www.ft-tec.com\/wp-content\/uploads\/2020\/10\/Faceshield-300x170.jpg 300w, https:\/\/www.ft-tec.com\/wp-content\/uploads\/2020\/10\/Faceshield-768x436.jpg 768w\" sizes=\"(max-width: 1000px) 100vw, 1000px\" \/>\t\t\t\t\t\t\t\t\t\t\t\t\t\t<\/div>\n\t\t\t\t\t\t<\/div>\n\t\t\t\t<\/div>\n\t\t\t\t\t\t<\/div>\n\t\t\t\t\t<\/div>\n\t\t<\/div>\n\t\t\t\t<div class=\"elementor-column elementor-col-66 elementor-top-column elementor-element elementor-element-6e19eaf7\" data-id=\"6e19eaf7\" data-element_type=\"column\">\n\t\t\t<div class=\"elementor-column-wrap elementor-element-populated\">\n\t\t\t\t\t\t\t<div class=\"elementor-widget-wrap\">\n\t\t\t\t\t\t<div class=\"elementor-element elementor-element-32cc5aba elementor-widget elementor-widget-text-editor\" data-id=\"32cc5aba\" data-element_type=\"widget\" data-widget_type=\"text-editor.default\">\n\t\t\t\t<div class=\"elementor-widget-container\">\n\t\t\t\t\t\t\t\t<div class=\"elementor-text-editor elementor-clearfix\">\n\t\t\t\t<p><strong>Nuestras viseras protectoras son de alta calidad, f\u00e1ciles de limpiar y desinfectar. Perfecto para quienes usan gafas y usan aud\u00edfonos.<\/strong><\/p><p>Debido a la situaci\u00f3n actual de COVID-19, hemos decidido desarrollar una nueva protecci\u00f3n facial. Nuestras viseras est\u00e1n dise\u00f1adas para un uso repetido y, por lo tanto, son una variante mucho m\u00e1s ecol\u00f3gica que la protecci\u00f3n facial desechable.<\/p><p><strong>Los m\u00e1s altos est\u00e1ndares de calidad<\/strong><br \/>Los materiales utilizados provienen principalmente de tecnolog\u00eda m\u00e9dica.<\/p>\t\t\t\t\t<\/div>\n\t\t\t\t\t\t<\/div>\n\t\t\t\t<\/div>\n\t\t\t\t\t\t<\/div>\n\t\t\t\t\t<\/div>\n\t\t<\/div>\n\t\t\t\t\t\t\t\t<\/div>\n\t\t\t\t\t<\/div>\n\t\t<\/section>\n\t\t\t\t<section class=\"elementor-section elementor-top-section elementor-element elementor-element-1bf0e3e5 elementor-section-boxed elementor-section-height-default elementor-section-height-default\" data-id=\"1bf0e3e5\" data-element_type=\"section\" data-settings=\"{&quot;background_background&quot;:&quot;classic&quot;}\">\n\t\t\t\t\t\t<div class=\"elementor-container elementor-column-gap-default\">\n\t\t\t\t\t\t\t<div class=\"elementor-row\">\n\t\t\t\t\t<div class=\"elementor-column elementor-col-100 elementor-top-column elementor-element elementor-element-377ae0b6\" data-id=\"377ae0b6\" data-element_type=\"column\">\n\t\t\t<div class=\"elementor-column-wrap elementor-element-populated\">\n\t\t\t\t\t\t\t<div class=\"elementor-widget-wrap\">\n\t\t\t\t\t\t<div class=\"elementor-element elementor-element-5022fb98 elementor-widget elementor-widget-spacer\" data-id=\"5022fb98\" data-element_type=\"widget\" data-widget_type=\"spacer.default\">\n\t\t\t\t<div class=\"elementor-widget-container\">\n\t\t\t\t\t<div class=\"elementor-spacer\">\n\t\t\t<div class=\"elementor-spacer-inner\"><\/div>\n\t\t<\/div>\n\t\t\t\t<\/div>\n\t\t\t\t<\/div>\n\t\t\t\t\t\t<\/div>\n\t\t\t\t\t<\/div>\n\t\t<\/div>\n\t\t\t\t\t\t\t\t<\/div>\n\t\t\t\t\t<\/div>\n\t\t<\/section>\n\t\t\t\t<section class=\"elementor-section elementor-top-section elementor-element elementor-element-db6ed1e elementor-section-boxed elementor-section-height-default elementor-section-height-default\" data-id=\"db6ed1e\" data-element_type=\"section\" data-settings=\"{&quot;background_background&quot;:&quot;classic&quot;}\">\n\t\t\t\t\t\t<div class=\"elementor-container elementor-column-gap-default\">\n\t\t\t\t\t\t\t<div class=\"elementor-row\">\n\t\t\t\t\t<div class=\"elementor-column elementor-col-100 elementor-top-column elementor-element elementor-element-4b0716f\" data-id=\"4b0716f\" data-element_type=\"column\">\n\t\t\t<div class=\"elementor-column-wrap elementor-element-populated\">\n\t\t\t\t\t\t\t<div class=\"elementor-widget-wrap\">\n\t\t\t\t\t\t<div class=\"elementor-element elementor-element-fff6d2a elementor-widget elementor-widget-heading\" data-id=\"fff6d2a\" data-element_type=\"widget\" data-widget_type=\"heading.default\">\n\t\t\t\t<div class=\"elementor-widget-container\">\n\t\t\t<h2 class=\"elementor-heading-title elementor-size-default\">Variantes:<\/h2>\t\t<\/div>\n\t\t\t\t<\/div>\n\t\t\t\t\t\t<\/div>\n\t\t\t\t\t<\/div>\n\t\t<\/div>\n\t\t\t\t\t\t\t\t<\/div>\n\t\t\t\t\t<\/div>\n\t\t<\/section>\n\t\t\t\t<section class=\"elementor-section elementor-top-section elementor-element elementor-element-b317011 elementor-section-boxed elementor-section-height-default elementor-section-height-default\" data-id=\"b317011\" data-element_type=\"section\" data-settings=\"{&quot;background_background&quot;:&quot;classic&quot;}\">\n\t\t\t\t\t\t<div class=\"elementor-container elementor-column-gap-default\">\n\t\t\t\t\t\t\t<div class=\"elementor-row\">\n\t\t\t\t\t<div class=\"elementor-column elementor-col-100 elementor-top-column elementor-element elementor-element-6f86f94\" data-id=\"6f86f94\" data-element_type=\"column\">\n\t\t\t<div class=\"elementor-column-wrap elementor-element-populated\">\n\t\t\t\t\t\t\t<div class=\"elementor-widget-wrap\">\n\t\t\t\t\t\t<section class=\"elementor-section elementor-inner-section elementor-element elementor-element-bdd036c elementor-section-boxed elementor-section-height-default elementor-section-height-default\" data-id=\"bdd036c\" data-element_type=\"section\">\n\t\t\t\t\t\t<div class=\"elementor-container elementor-column-gap-default\">\n\t\t\t\t\t\t\t<div class=\"elementor-row\">\n\t\t\t\t\t<div class=\"elementor-column elementor-col-33 elementor-inner-column elementor-element elementor-element-18d3662\" data-id=\"18d3662\" data-element_type=\"column\">\n\t\t\t<div class=\"elementor-column-wrap elementor-element-populated\">\n\t\t\t\t\t\t\t<div class=\"elementor-widget-wrap\">\n\t\t\t\t\t\t<div class=\"elementor-element elementor-element-6e0e8ea elementor-widget elementor-widget-text-editor\" data-id=\"6e0e8ea\" data-element_type=\"widget\" data-widget_type=\"text-editor.default\">\n\t\t\t\t<div class=\"elementor-widget-container\">\n\t\t\t\t\t\t\t\t<div class=\"elementor-text-editor elementor-clearfix\">\n\t\t\t\t<h2>Pantalla facial ECO<\/h2><p>Escudo aprox.240 x 240 mm<\/p><p>Extremadamente ligero para una gran comodidad de uso (117 g)<\/p>\t\t\t\t\t<\/div>\n\t\t\t\t\t\t<\/div>\n\t\t\t\t<\/div>\n\t\t\t\t\t\t<\/div>\n\t\t\t\t\t<\/div>\n\t\t<\/div>\n\t\t\t\t<div class=\"elementor-column elementor-col-33 elementor-inner-column elementor-element elementor-element-3d395e4\" data-id=\"3d395e4\" data-element_type=\"column\">\n\t\t\t<div class=\"elementor-column-wrap elementor-element-populated\">\n\t\t\t\t\t\t\t<div class=\"elementor-widget-wrap\">\n\t\t\t\t\t\t<div class=\"elementor-element elementor-element-884989b elementor-widget elementor-widget-text-editor\" data-id=\"884989b\" data-element_type=\"widget\" data-widget_type=\"text-editor.default\">\n\t\t\t\t<div class=\"elementor-widget-container\">\n\t\t\t\t\t\t\t\t<div class=\"elementor-text-editor elementor-clearfix\">\n\t\t\t\t<h2>Protector facial Premium\u00a0<\/h2><p>Cartel de aprox.395 x 240 mm<\/p><p>Extremadamente ligero para una gran comodidad de uso (90 a 120 g)<\/p><p><strong>mejor protecci\u00f3n integral<\/strong><\/p>\t\t\t\t\t<\/div>\n\t\t\t\t\t\t<\/div>\n\t\t\t\t<\/div>\n\t\t\t\t\t\t<\/div>\n\t\t\t\t\t<\/div>\n\t\t<\/div>\n\t\t\t\t<div class=\"elementor-column elementor-col-33 elementor-inner-column elementor-element elementor-element-b09f98c\" data-id=\"b09f98c\" data-element_type=\"column\">\n\t\t\t<div class=\"elementor-column-wrap elementor-element-populated\">\n\t\t\t\t\t\t\t<div class=\"elementor-widget-wrap\">\n\t\t\t\t\t\t<div class=\"elementor-element elementor-element-a82d3a9 elementor-widget elementor-widget-text-editor\" data-id=\"a82d3a9\" data-element_type=\"widget\" data-widget_type=\"text-editor.default\">\n\t\t\t\t<div class=\"elementor-widget-container\">\n\t\t\t\t\t\t\t\t<div class=\"elementor-text-editor elementor-clearfix\">\n\t\t\t\t<h2>Faceshield Premium para ni\u00f1os<\/h2><p>Escudo aprox.395 x 175 mm<\/p><p>Extremadamente ligero para una gran comodidad de uso (65 g con pel\u00edcula de 0,5 mm y aprox.80 g con pel\u00edcula de 0,7 mm)<\/p>\t\t\t\t\t<\/div>\n\t\t\t\t\t\t<\/div>\n\t\t\t\t<\/div>\n\t\t\t\t\t\t<\/div>\n\t\t\t\t\t<\/div>\n\t\t<\/div>\n\t\t\t\t\t\t\t\t<\/div>\n\t\t\t\t\t<\/div>\n\t\t<\/section>\n\t\t\t\t\t\t<\/div>\n\t\t\t\t\t<\/div>\n\t\t<\/div>\n\t\t\t\t\t\t\t\t<\/div>\n\t\t\t\t\t<\/div>\n\t\t<\/section>\n\t\t\t\t<section class=\"elementor-section elementor-top-section elementor-element elementor-element-44c2d8b elementor-section-boxed elementor-section-height-default elementor-section-height-default\" data-id=\"44c2d8b\" data-element_type=\"section\" data-settings=\"{&quot;background_background&quot;:&quot;classic&quot;}\">\n\t\t\t\t\t\t<div class=\"elementor-container elementor-column-gap-default\">\n\t\t\t\t\t\t\t<div class=\"elementor-row\">\n\t\t\t\t\t<div class=\"elementor-column elementor-col-100 elementor-top-column elementor-element elementor-element-64b6ec8\" data-id=\"64b6ec8\" data-element_type=\"column\">\n\t\t\t<div class=\"elementor-column-wrap elementor-element-populated\">\n\t\t\t\t\t\t\t<div class=\"elementor-widget-wrap\">\n\t\t\t\t\t\t<div class=\"elementor-element elementor-element-59ef38f elementor-widget elementor-widget-text-editor\" data-id=\"59ef38f\" data-element_type=\"widget\" data-widget_type=\"text-editor.default\">\n\t\t\t\t<div class=\"elementor-widget-container\">\n\t\t\t\t\t\t\t\t<div class=\"elementor-text-editor elementor-clearfix\">\n\t\t\t\t<div class=\"elementor-element elementor-element-b67a7ad elementor-widget elementor-widget-heading\" data-id=\"b67a7ad\" data-element_type=\"widget\" data-widget_type=\"heading.default\"><div class=\"elementor-widget-container\"><h2 class=\"elementor-heading-title elementor-size-default\">1. Pantalla facial<\/h2><\/div><\/div><div class=\"elementor-element elementor-element-87d46ec elementor-widget elementor-widget-text-editor\" data-id=\"87d46ec\" data-element_type=\"widget\" data-widget_type=\"text-editor.default\"><div class=\"elementor-widget-container\"><div class=\"elementor-text-editor elementor-clearfix\"><p><strong>\u2022 Visera de film PET-G de alta calidad<\/strong><br \/><strong>\u2022 Se puede utilizar en el campo m\u00e9dico (0,5 a 1 mm)<\/strong><\/p><p><strong>\u2022 reutilizable<\/strong><br \/><strong>\u2022 Es posible la limpieza sin restricciones con desinfectantes y agua jabonosa<\/strong><br \/><strong>\u2022 intercambiable = protege el medio ambiente<\/strong><br \/><strong>\u2022 reciclable<\/strong><\/p><\/div><\/div><\/div><div class=\"elementor-element elementor-element-aad58ef elementor-hidden-phone elementor-widget elementor-widget-spacer\" data-id=\"aad58ef\" data-element_type=\"widget\" data-widget_type=\"spacer.default\"><div class=\"elementor-widget-container\"><div class=\"elementor-spacer\"><div class=\"elementor-spacer-inner\">\u00a0<\/div><\/div><\/div><\/div><div class=\"elementor-element elementor-element-ee0c745 elementor-widget elementor-widget-heading\" data-id=\"ee0c745\" data-element_type=\"widget\" data-widget_type=\"heading.default\"><div class=\"elementor-widget-container\"><h2 class=\"elementor-heading-title elementor-size-default\">2. Sistema de transporte<\/h2><\/div><\/div><div class=\"elementor-element elementor-element-d0c3f74 elementor-widget elementor-widget-text-editor\" data-id=\"d0c3f74\" data-element_type=\"widget\" data-widget_type=\"text-editor.default\"><div class=\"elementor-widget-container\"><div class=\"elementor-text-editor elementor-clearfix\"><p><strong>\u2022 Hecho de pl\u00e1stico de alta calidad\u00a0<\/strong><strong>(PET-G, POM o PP)<br \/>\u2022 dise\u00f1o ergonomico<br \/><\/strong><\/p><\/div><\/div><\/div><div class=\"elementor-element elementor-element-517c430 elementor-hidden-phone elementor-widget elementor-widget-spacer\" data-id=\"517c430\" data-element_type=\"widget\" data-widget_type=\"spacer.default\"><div class=\"elementor-widget-container\"><div class=\"elementor-spacer\"><div class=\"elementor-spacer-inner\">\u00a0<\/div><\/div><\/div><\/div><div class=\"elementor-element elementor-element-3c1a8cc elementor-widget elementor-widget-heading\" data-id=\"3c1a8cc\" data-element_type=\"widget\" data-widget_type=\"heading.default\"><div class=\"elementor-widget-container\"><h2 class=\"elementor-heading-title elementor-size-default\">3. Cinta muy el\u00e1stica<\/h2><\/div><\/div><div class=\"elementor-element elementor-element-828f5ce elementor-widget elementor-widget-text-editor\" data-id=\"828f5ce\" data-element_type=\"widget\" data-widget_type=\"text-editor.default\"><div class=\"elementor-widget-container\"><div class=\"elementor-text-editor elementor-clearfix\"><p><strong>\u2022 (20-25 mm) intercambiable y\u00a0<\/strong><strong>f\u00e1cilmente disponible<br \/>\u2022 Confort sin puntos de presi\u00f3n<br \/>\u2022 sujeci\u00f3n segura<\/strong><\/p><\/div><\/div><\/div>\t\t\t\t\t<\/div>\n\t\t\t\t\t\t<\/div>\n\t\t\t\t<\/div>\n\t\t\t\t\t\t<\/div>\n\t\t\t\t\t<\/div>\n\t\t<\/div>\n\t\t\t\t\t\t\t\t<\/div>\n\t\t\t\t\t<\/div>\n\t\t<\/section>\n\t\t\t\t<section class=\"elementor-section elementor-top-section elementor-element elementor-element-74d1516 elementor-section-boxed elementor-section-height-default elementor-section-height-default\" data-id=\"74d1516\" data-element_type=\"section\" data-settings=\"{&quot;background_background&quot;:&quot;classic&quot;}\">\n\t\t\t\t\t\t<div class=\"elementor-container elementor-column-gap-default\">\n\t\t\t\t\t\t\t<div class=\"elementor-row\">\n\t\t\t\t\t<div class=\"elementor-column elementor-col-100 elementor-top-column elementor-element elementor-element-1bac9d1\" data-id=\"1bac9d1\" data-element_type=\"column\">\n\t\t\t<div class=\"elementor-column-wrap elementor-element-populated\">\n\t\t\t\t\t\t\t<div class=\"elementor-widget-wrap\">\n\t\t\t\t\t\t<div class=\"elementor-element elementor-element-67cd401 elementor-widget elementor-widget-gallery\" data-id=\"67cd401\" data-element_type=\"widget\" data-settings=\"{&quot;gap&quot;:{&quot;unit&quot;:&quot;px&quot;,&quot;size&quot;:19,&quot;sizes&quot;:[]},&quot;lazyload&quot;:&quot;yes&quot;,&quot;gallery_layout&quot;:&quot;grid&quot;,&quot;columns&quot;:4,&quot;columns_tablet&quot;:2,&quot;columns_mobile&quot;:1,&quot;gap_tablet&quot;:{&quot;unit&quot;:&quot;px&quot;,&quot;size&quot;:10,&quot;sizes&quot;:[]},&quot;gap_mobile&quot;:{&quot;unit&quot;:&quot;px&quot;,&quot;size&quot;:10,&quot;sizes&quot;:[]},&quot;link_to&quot;:&quot;file&quot;,&quot;aspect_ratio&quot;:&quot;3:2&quot;,&quot;overlay_background&quot;:&quot;yes&quot;,&quot;content_hover_animation&quot;:&quot;fade-in&quot;}\" data-widget_type=\"gallery.default\">\n\t\t\t\t<div class=\"elementor-widget-container\">\n\t\t\t\t\t<div class=\"elementor-gallery__container\">\n\t\t\t\t\t\t\t<a class=\"e-gallery-item elementor-gallery-item elementor-animated-content\" href=\"https:\/\/www.ft-tec.com\/wp-content\/uploads\/2020\/10\/Faceshield.jpg\" data-elementor-open-lightbox=\"yes\" data-elementor-lightbox-slideshow=\"all-67cd401\" data-elementor-lightbox-title=\"Faceshield\" data-e-action-hash=\"#elementor-action%3Aaction%3Dlightbox%26settings%3DeyJpZCI6NzY1LCJ1cmwiOiJodHRwczpcL1wvd3d3LmZ0LXRlYy5jb21cL3dwLWNvbnRlbnRcL3VwbG9hZHNcLzIwMjBcLzEwXC9GYWNlc2hpZWxkLmpwZyIsInNsaWRlc2hvdyI6ImFsbC02N2NkNDAxIn0%3D\">\n\t\t\t\t\t<div class=\"e-gallery-image elementor-gallery-item__image\" data-thumbnail=\"https:\/\/www.ft-tec.com\/wp-content\/uploads\/2020\/10\/Faceshield-300x170.jpg\" data-width=\"300\" data-height=\"170\" alt=\"\" ><\/div>\n\t\t\t\t\t\t\t\t\t\t\t<div class=\"elementor-gallery-item__overlay\"><\/div>\n\t\t\t\t\t\t\t\t\t\t\t\t\t\t<\/a>\n\t\t\t\t\t\t\t<a class=\"e-gallery-item elementor-gallery-item elementor-animated-content\" href=\"https:\/\/www.ft-tec.com\/wp-content\/uploads\/2020\/10\/Faceshield-ECO_Leonie.jpg\" data-elementor-open-lightbox=\"yes\" data-elementor-lightbox-slideshow=\"all-67cd401\" data-elementor-lightbox-title=\"Faceshield ECO_Leonie\" data-e-action-hash=\"#elementor-action%3Aaction%3Dlightbox%26settings%3DeyJpZCI6NzY4LCJ1cmwiOiJodHRwczpcL1wvd3d3LmZ0LXRlYy5jb21cL3dwLWNvbnRlbnRcL3VwbG9hZHNcLzIwMjBcLzEwXC9GYWNlc2hpZWxkLUVDT19MZW9uaWUuanBnIiwic2xpZGVzaG93IjoiYWxsLTY3Y2Q0MDEifQ%3D%3D\">\n\t\t\t\t\t<div class=\"e-gallery-image elementor-gallery-item__image\" data-thumbnail=\"https:\/\/www.ft-tec.com\/wp-content\/uploads\/2020\/10\/Faceshield-ECO_Leonie-300x200.jpg\" data-width=\"300\" data-height=\"200\" alt=\"Gesichtsvisier Made in Austria\" ><\/div>\n\t\t\t\t\t\t\t\t\t\t\t<div class=\"elementor-gallery-item__overlay\"><\/div>\n\t\t\t\t\t\t\t\t\t\t\t\t\t\t<\/a>\n\t\t\t\t\t\t\t<a class=\"e-gallery-item elementor-gallery-item elementor-animated-content\" href=\"https:\/\/www.ft-tec.com\/wp-content\/uploads\/2020\/10\/Faceshield-Premium-scaled.jpg\" data-elementor-open-lightbox=\"yes\" data-elementor-lightbox-slideshow=\"all-67cd401\" data-elementor-lightbox-title=\"Faceshield Premium\" data-e-action-hash=\"#elementor-action%3Aaction%3Dlightbox%26settings%3DeyJpZCI6NzcxLCJ1cmwiOiJodHRwczpcL1wvd3d3LmZ0LXRlYy5jb21cL3dwLWNvbnRlbnRcL3VwbG9hZHNcLzIwMjBcLzEwXC9GYWNlc2hpZWxkLVByZW1pdW0tc2NhbGVkLmpwZyIsInNsaWRlc2hvdyI6ImFsbC02N2NkNDAxIn0%3D\">\n\t\t\t\t\t<div class=\"e-gallery-image elementor-gallery-item__image\" data-thumbnail=\"https:\/\/www.ft-tec.com\/wp-content\/uploads\/2020\/10\/Faceshield-Premium-300x200.jpg\" data-width=\"300\" data-height=\"200\" alt=\"\" ><\/div>\n\t\t\t\t\t\t\t\t\t\t\t<div class=\"elementor-gallery-item__overlay\"><\/div>\n\t\t\t\t\t\t\t\t\t\t\t\t\t\t<\/a>\n\t\t\t\t\t\t\t<a class=\"e-gallery-item elementor-gallery-item elementor-animated-content\" href=\"https:\/\/www.ft-tec.com\/wp-content\/uploads\/2020\/10\/Faceshield-Premium-Kids-scaled.jpg\" data-elementor-open-lightbox=\"yes\" data-elementor-lightbox-slideshow=\"all-67cd401\" data-elementor-lightbox-title=\"Faceshield Premium Kids\" data-e-action-hash=\"#elementor-action%3Aaction%3Dlightbox%26settings%3DeyJpZCI6Nzc2LCJ1cmwiOiJodHRwczpcL1wvd3d3LmZ0LXRlYy5jb21cL3dwLWNvbnRlbnRcL3VwbG9hZHNcLzIwMjBcLzEwXC9GYWNlc2hpZWxkLVByZW1pdW0tS2lkcy1zY2FsZWQuanBnIiwic2xpZGVzaG93IjoiYWxsLTY3Y2Q0MDEifQ%3D%3D\">\n\t\t\t\t\t<div class=\"e-gallery-image elementor-gallery-item__image\" data-thumbnail=\"https:\/\/www.ft-tec.com\/wp-content\/uploads\/2020\/10\/Faceshield-Premium-Kids-300x300.jpg\" data-width=\"300\" data-height=\"300\" alt=\"\" ><\/div>\n\t\t\t\t\t\t\t\t\t\t\t<div class=\"elementor-gallery-item__overlay\"><\/div>\n\t\t\t\t\t\t\t\t\t\t\t\t\t\t<\/a>\n\t\t\t\t\t\t\t<a class=\"e-gallery-item elementor-gallery-item elementor-animated-content\" href=\"https:\/\/www.ft-tec.com\/wp-content\/uploads\/2020\/09\/faceshield.jpg\" data-elementor-open-lightbox=\"yes\" data-elementor-lightbox-slideshow=\"all-67cd401\" data-elementor-lightbox-title=\"faceshield\" data-e-action-hash=\"#elementor-action%3Aaction%3Dlightbox%26settings%3DeyJpZCI6MTM0LCJ1cmwiOiJodHRwczpcL1wvd3d3LmZ0LXRlYy5jb21cL3dwLWNvbnRlbnRcL3VwbG9hZHNcLzIwMjBcLzA5XC9mYWNlc2hpZWxkLmpwZyIsInNsaWRlc2hvdyI6ImFsbC02N2NkNDAxIn0%3D\">\n\t\t\t\t\t<div class=\"e-gallery-image elementor-gallery-item__image\" data-thumbnail=\"https:\/\/www.ft-tec.com\/wp-content\/uploads\/2020\/09\/faceshield-300x200.jpg\" data-width=\"300\" data-height=\"200\" alt=\"\" ><\/div>\n\t\t\t\t\t\t\t\t\t\t\t<div class=\"elementor-gallery-item__overlay\"><\/div>\n\t\t\t\t\t\t\t\t\t\t\t\t\t\t<\/a>\n\t\t\t\t\t\t\t<a class=\"e-gallery-item elementor-gallery-item elementor-animated-content\" href=\"https:\/\/www.ft-tec.com\/wp-content\/uploads\/2020\/10\/Faceshield-Premium-Kids-2.png\" data-elementor-open-lightbox=\"yes\" data-elementor-lightbox-slideshow=\"all-67cd401\" data-elementor-lightbox-title=\"Faceshield Premium Kids 2\" data-e-action-hash=\"#elementor-action%3Aaction%3Dlightbox%26settings%3DeyJpZCI6Nzg5LCJ1cmwiOiJodHRwczpcL1wvd3d3LmZ0LXRlYy5jb21cL3dwLWNvbnRlbnRcL3VwbG9hZHNcLzIwMjBcLzEwXC9GYWNlc2hpZWxkLVByZW1pdW0tS2lkcy0yLnBuZyIsInNsaWRlc2hvdyI6ImFsbC02N2NkNDAxIn0%3D\">\n\t\t\t\t\t<div class=\"e-gallery-image elementor-gallery-item__image\" data-thumbnail=\"https:\/\/www.ft-tec.com\/wp-content\/uploads\/2020\/10\/Faceshield-Premium-Kids-2-300x260.png\" data-width=\"300\" data-height=\"260\" alt=\"\" ><\/div>\n\t\t\t\t\t\t\t\t\t\t\t<div class=\"elementor-gallery-item__overlay\"><\/div>\n\t\t\t\t\t\t\t\t\t\t\t\t\t\t<\/a>\n\t\t\t\t\t\t\t<a class=\"e-gallery-item elementor-gallery-item elementor-animated-content\" href=\"https:\/\/www.ft-tec.com\/wp-content\/uploads\/2020\/10\/Faceshield-Premium-Kids-1-scaled.jpg\" data-elementor-open-lightbox=\"yes\" data-elementor-lightbox-slideshow=\"all-67cd401\" data-elementor-lightbox-title=\"Faceshield Premium Kids 1\" data-e-action-hash=\"#elementor-action%3Aaction%3Dlightbox%26settings%3DeyJpZCI6Nzg4LCJ1cmwiOiJodHRwczpcL1wvd3d3LmZ0LXRlYy5jb21cL3dwLWNvbnRlbnRcL3VwbG9hZHNcLzIwMjBcLzEwXC9GYWNlc2hpZWxkLVByZW1pdW0tS2lkcy0xLXNjYWxlZC5qcGciLCJzbGlkZXNob3ciOiJhbGwtNjdjZDQwMSJ9\">\n\t\t\t\t\t<div class=\"e-gallery-image elementor-gallery-item__image\" data-thumbnail=\"https:\/\/www.ft-tec.com\/wp-content\/uploads\/2020\/10\/Faceshield-Premium-Kids-1-300x300.jpg\" data-width=\"300\" data-height=\"300\" alt=\"\" ><\/div>\n\t\t\t\t\t\t\t\t\t\t\t<div class=\"elementor-gallery-item__overlay\"><\/div>\n\t\t\t\t\t\t\t\t\t\t\t\t\t\t<\/a>\n\t\t\t\t\t\t\t<a class=\"e-gallery-item elementor-gallery-item elementor-animated-content\" href=\"https:\/\/www.ft-tec.com\/wp-content\/uploads\/2020\/10\/Faceshield-Premium-1.jpg\" data-elementor-open-lightbox=\"yes\" data-elementor-lightbox-slideshow=\"all-67cd401\" data-elementor-lightbox-title=\"Faceshield Premium 1\" data-e-action-hash=\"#elementor-action%3Aaction%3Dlightbox%26settings%3DeyJpZCI6Nzg3LCJ1cmwiOiJodHRwczpcL1wvd3d3LmZ0LXRlYy5jb21cL3dwLWNvbnRlbnRcL3VwbG9hZHNcLzIwMjBcLzEwXC9GYWNlc2hpZWxkLVByZW1pdW0tMS5qcGciLCJzbGlkZXNob3ciOiJhbGwtNjdjZDQwMSJ9\">\n\t\t\t\t\t<div class=\"e-gallery-image elementor-gallery-item__image\" data-thumbnail=\"https:\/\/www.ft-tec.com\/wp-content\/uploads\/2020\/10\/Faceshield-Premium-1-300x200.jpg\" data-width=\"300\" data-height=\"200\" alt=\"\" ><\/div>\n\t\t\t\t\t\t\t\t\t\t\t<div class=\"elementor-gallery-item__overlay\"><\/div>\n\t\t\t\t\t\t\t\t\t\t\t\t\t\t<\/a>\n\t\t\t\t\t<\/div>\n\t\t\t<\/div>\n\t\t\t\t<\/div>\n\t\t\t\t\t\t<\/div>\n\t\t\t\t\t<\/div>\n\t\t<\/div>\n\t\t\t\t\t\t\t\t<\/div>\n\t\t\t\t\t<\/div>\n\t\t<\/section>\n\t\t\t\t\t\t\t\t\t<\/div>\n\t\t\t<\/div>\n\t\t\t\t\t<\/div>","protected":false},"excerpt":{"rendered":"<p>Viseras faciales Nuestras viseras protectoras son de alta calidad, f\u00e1ciles de limpiar y desinfectar. Perfecto para quienes usan gafas y usan aud\u00edfonos. Debido a la situaci\u00f3n actual de COVID-19, hemos decidido desarrollar una nueva protecci\u00f3n facial. Nuestras viseras est\u00e1n dise\u00f1adas para un uso repetido y, por lo tanto, son una variante mucho m\u00e1s ecol\u00f3gica que la protecci\u00f3n facial desechable. Los m\u00e1s altos est\u00e1ndares de calidad Los materiales utilizados provienen principalmente de tecnolog\u00eda m\u00e9dica. Variantes: Escudo facial ... <a title=\"Producci\u00f3n de protectores faciales\" class=\"read-more\" href=\"https:\/\/www.ft-tec.com\/es\/faceshields-produktion\/\" aria-label=\"M\u00e1s en producci\u00f3n de protectores faciales\">Vaciar m\u00e1s<\/a><\/p>","protected":false},"author":1,"featured_media":0,"parent":0,"menu_order":0,"comment_status":"closed","ping_status":"closed","template":"","meta":[],"aioseo_notices":[],"_links":{"self":[{"href":"https:\/\/www.ft-tec.com\/es\/wp-json\/wp\/v2\/pages\/692"}],"collection":[{"href":"https:\/\/www.ft-tec.com\/es\/wp-json\/wp\/v2\/pages"}],"about":[{"href":"https:\/\/www.ft-tec.com\/es\/wp-json\/wp\/v2\/types\/page"}],"author":[{"embeddable":true,"href":"https:\/\/www.ft-tec.com\/es\/wp-json\/wp\/v2\/users\/1"}],"replies":[{"embeddable":true,"href":"https:\/\/www.ft-tec.com\/es\/wp-json\/wp\/v2\/comments?post=692"}],"version-history":[{"count":2,"href":"https:\/\/www.ft-tec.com\/es\/wp-json\/wp\/v2\/pages\/692\/revisions"}],"predecessor-version":[{"id":1212,"href":"https:\/\/www.ft-tec.com\/es\/wp-json\/wp\/v2\/pages\/692\/revisions\/1212"}],"wp:attachment":[{"href":"https:\/\/www.ft-tec.com\/es\/wp-json\/wp\/v2\/media?parent=692"}],"curies":[{"name":"wp","href":"https:\/\/api.w.org\/{rel}","templated":true}]}}