{"id":695,"date":"2020-10-19T11:47:17","date_gmt":"2020-10-19T09:47:17","guid":{"rendered":"https:\/\/staging.ft-tec.com\/?page_id=695"},"modified":"2020-11-05T12:12:54","modified_gmt":"2020-11-05T11:12:54","slug":"kunststoffteile-produktion","status":"publish","type":"page","link":"https:\/\/www.ft-tec.com\/es\/kunststoffteile-produktion\/","title":{"rendered":"Producci\u00f3n de piezas de pl\u00e1stico"},"content":{"rendered":"<div data-elementor-type=\"wp-page\" data-elementor-id=\"695\" class=\"elementor elementor-695\">\n\t\t\t\t\t\t<div class=\"elementor-inner\">\n\t\t\t\t<div class=\"elementor-section-wrap\">\n\t\t\t\t\t\t\t\t\t<section class=\"elementor-section elementor-top-section elementor-element elementor-element-e84ee2a elementor-section-boxed elementor-section-height-default elementor-section-height-default\" data-id=\"e84ee2a\" data-element_type=\"section\" data-settings=\"{&quot;background_background&quot;:&quot;classic&quot;}\">\n\t\t\t\t\t\t<div class=\"elementor-container elementor-column-gap-default\">\n\t\t\t\t\t\t\t<div class=\"elementor-row\">\n\t\t\t\t\t<div class=\"elementor-column elementor-col-100 elementor-top-column elementor-element elementor-element-23b4846c\" data-id=\"23b4846c\" data-element_type=\"column\">\n\t\t\t<div class=\"elementor-column-wrap elementor-element-populated\">\n\t\t\t\t\t\t\t<div class=\"elementor-widget-wrap\">\n\t\t\t\t\t\t<div class=\"elementor-element elementor-element-5cb3abb2 elementor-widget elementor-widget-heading\" data-id=\"5cb3abb2\" data-element_type=\"widget\" data-widget_type=\"heading.default\">\n\t\t\t\t<div class=\"elementor-widget-container\">\n\t\t\t<h1 class=\"elementor-heading-title elementor-size-default\">Partes pl\u00e1sticas<\/h1>\t\t<\/div>\n\t\t\t\t<\/div>\n\t\t\t\t\t\t<\/div>\n\t\t\t\t\t<\/div>\n\t\t<\/div>\n\t\t\t\t\t\t\t\t<\/div>\n\t\t\t\t\t<\/div>\n\t\t<\/section>\n\t\t\t\t<section class=\"elementor-section elementor-top-section elementor-element elementor-element-54c1acb5 elementor-section-boxed elementor-section-height-default elementor-section-height-default\" data-id=\"54c1acb5\" data-element_type=\"section\" data-settings=\"{&quot;shape_divider_bottom&quot;:&quot;tilt&quot;,&quot;background_background&quot;:&quot;classic&quot;}\">\n\t\t\t\t\t<div class=\"elementor-shape elementor-shape-bottom\" data-negative=\"false\">\n\t\t\t<svg xmlns=\"http:\/\/www.w3.org\/2000\/svg\" viewbox=\"0 0 1000 100\" preserveaspectratio=\"none\">\n\t<path class=\"elementor-shape-fill\" d=\"M0,6V0h1000v100L0,6z\"\/>\n<\/svg>\t\t<\/div>\n\t\t\t\t\t<div class=\"elementor-container elementor-column-gap-default\">\n\t\t\t\t\t\t\t<div class=\"elementor-row\">\n\t\t\t\t\t<div class=\"elementor-column elementor-col-33 elementor-top-column elementor-element elementor-element-254ff80\" data-id=\"254ff80\" data-element_type=\"column\">\n\t\t\t<div class=\"elementor-column-wrap elementor-element-populated\">\n\t\t\t\t\t\t\t<div class=\"elementor-widget-wrap\">\n\t\t\t\t\t\t<div class=\"elementor-element elementor-element-591d9789 elementor-widget elementor-widget-image\" data-id=\"591d9789\" data-element_type=\"widget\" data-widget_type=\"image.default\">\n\t\t\t\t<div class=\"elementor-widget-container\">\n\t\t\t\t\t\t\t\t<div class=\"elementor-image\">\n\t\t\t\t\t\t\t\t\t\t\t\t<img width=\"1024\" height=\"683\" src=\"https:\/\/www.ft-tec.com\/wp-content\/uploads\/2020\/10\/IMG_7788-1024x683.jpg\" class=\"attachment-large size-large wp-image-919\" alt=\"\" loading=\"lazy\" srcset=\"https:\/\/www.ft-tec.com\/wp-content\/uploads\/2020\/10\/IMG_7788-1024x683.jpg 1024w, https:\/\/www.ft-tec.com\/wp-content\/uploads\/2020\/10\/IMG_7788-300x200.jpg 300w, https:\/\/www.ft-tec.com\/wp-content\/uploads\/2020\/10\/IMG_7788-768x512.jpg 768w, https:\/\/www.ft-tec.com\/wp-content\/uploads\/2020\/10\/IMG_7788-1536x1024.jpg 1536w, https:\/\/www.ft-tec.com\/wp-content\/uploads\/2020\/10\/IMG_7788-2048x1365.jpg 2048w\" sizes=\"(max-width: 1024px) 100vw, 1024px\" \/>\t\t\t\t\t\t\t\t\t\t\t\t\t\t<\/div>\n\t\t\t\t\t\t<\/div>\n\t\t\t\t<\/div>\n\t\t\t\t\t\t<\/div>\n\t\t\t\t\t<\/div>\n\t\t<\/div>\n\t\t\t\t<div class=\"elementor-column elementor-col-66 elementor-top-column elementor-element elementor-element-65ac8947\" data-id=\"65ac8947\" data-element_type=\"column\">\n\t\t\t<div class=\"elementor-column-wrap elementor-element-populated\">\n\t\t\t\t\t\t\t<div class=\"elementor-widget-wrap\">\n\t\t\t\t\t\t<div class=\"elementor-element elementor-element-e4669f7 elementor-widget elementor-widget-text-editor\" data-id=\"e4669f7\" data-element_type=\"widget\" data-widget_type=\"text-editor.default\">\n\t\t\t\t<div class=\"elementor-widget-container\">\n\t\t\t\t\t\t\t\t<div class=\"elementor-text-editor elementor-clearfix\">\n\t\t\t\t<div class=\"elementor-column elementor-col-66 elementor-top-column elementor-element elementor-element-553db006\" data-id=\"553db006\" data-element_type=\"column\"><div class=\"elementor-column-wrap elementor-element-populated\"><div class=\"elementor-widget-wrap\"><div class=\"elementor-element elementor-element-891e710 elementor-aspect-ratio-169 elementor-widget elementor-widget-video\" data-id=\"891e710\" data-element_type=\"widget\" data-settings=\"{\" data-widget_type=\"video.default\"><div class=\"elementor-widget-container\"><div class=\"elementor-wrapper elementor-fit-aspect-ratio elementor-open-inline\"><p>FT-TEC trabaja con empresas de renombre en la industria del pl\u00e1stico. Con nuestros muchos a\u00f1os de experiencia y los conocimientos necesarios, fabricamos para productores de tecnolog\u00eda del pl\u00e1stico en las \u00e1reas de moldeo por inyecci\u00f3n y extrusi\u00f3n.<\/p><p>En nuestra producci\u00f3n se procesan una amplia variedad de materiales, ya sean LDPE o pl\u00e1sticos de alta tecnolog\u00eda.<\/p><\/div><\/div><\/div><p>\u00a0<\/p><\/div><\/div><\/div>\t\t\t\t\t<\/div>\n\t\t\t\t\t\t<\/div>\n\t\t\t\t<\/div>\n\t\t\t\t\t\t<\/div>\n\t\t\t\t\t<\/div>\n\t\t<\/div>\n\t\t\t\t\t\t\t\t<\/div>\n\t\t\t\t\t<\/div>\n\t\t<\/section>\n\t\t\t\t<section class=\"elementor-section elementor-top-section elementor-element elementor-element-6f191e3 elementor-section-boxed elementor-section-height-default elementor-section-height-default\" data-id=\"6f191e3\" data-element_type=\"section\" data-settings=\"{&quot;background_background&quot;:&quot;classic&quot;}\">\n\t\t\t\t\t\t<div class=\"elementor-container elementor-column-gap-default\">\n\t\t\t\t\t\t\t<div class=\"elementor-row\">\n\t\t\t\t\t<div class=\"elementor-column elementor-col-100 elementor-top-column elementor-element elementor-element-a3358d8\" data-id=\"a3358d8\" data-element_type=\"column\">\n\t\t\t<div class=\"elementor-column-wrap elementor-element-populated\">\n\t\t\t\t\t\t\t<div class=\"elementor-widget-wrap\">\n\t\t\t\t\t\t<div class=\"elementor-element elementor-element-8ee8072 elementor-widget elementor-widget-spacer\" data-id=\"8ee8072\" data-element_type=\"widget\" data-widget_type=\"spacer.default\">\n\t\t\t\t<div class=\"elementor-widget-container\">\n\t\t\t\t\t<div class=\"elementor-spacer\">\n\t\t\t<div class=\"elementor-spacer-inner\"><\/div>\n\t\t<\/div>\n\t\t\t\t<\/div>\n\t\t\t\t<\/div>\n\t\t\t\t\t\t<\/div>\n\t\t\t\t\t<\/div>\n\t\t<\/div>\n\t\t\t\t\t\t\t\t<\/div>\n\t\t\t\t\t<\/div>\n\t\t<\/section>\n\t\t\t\t<section class=\"elementor-section elementor-top-section elementor-element elementor-element-e90f02c elementor-section-boxed elementor-section-height-default elementor-section-height-default\" data-id=\"e90f02c\" data-element_type=\"section\" data-settings=\"{&quot;background_background&quot;:&quot;classic&quot;}\">\n\t\t\t\t\t\t<div class=\"elementor-container elementor-column-gap-default\">\n\t\t\t\t\t\t\t<div class=\"elementor-row\">\n\t\t\t\t\t<div class=\"elementor-column elementor-col-100 elementor-top-column elementor-element elementor-element-c40df7a\" data-id=\"c40df7a\" data-element_type=\"column\">\n\t\t\t<div class=\"elementor-column-wrap elementor-element-populated\">\n\t\t\t\t\t\t\t<div class=\"elementor-widget-wrap\">\n\t\t\t\t\t\t<div class=\"elementor-element elementor-element-746506d elementor-widget elementor-widget-spacer\" data-id=\"746506d\" data-element_type=\"widget\" data-widget_type=\"spacer.default\">\n\t\t\t\t<div class=\"elementor-widget-container\">\n\t\t\t\t\t<div class=\"elementor-spacer\">\n\t\t\t<div class=\"elementor-spacer-inner\"><\/div>\n\t\t<\/div>\n\t\t\t\t<\/div>\n\t\t\t\t<\/div>\n\t\t\t\t\t\t<\/div>\n\t\t\t\t\t<\/div>\n\t\t<\/div>\n\t\t\t\t\t\t\t\t<\/div>\n\t\t\t\t\t<\/div>\n\t\t<\/section>\n\t\t\t\t<section class=\"elementor-section elementor-top-section elementor-element elementor-element-92742f8 elementor-section-boxed elementor-section-height-default elementor-section-height-default\" data-id=\"92742f8\" data-element_type=\"section\" data-settings=\"{&quot;background_background&quot;:&quot;classic&quot;}\">\n\t\t\t\t\t\t<div class=\"elementor-container elementor-column-gap-default\">\n\t\t\t\t\t\t\t<div class=\"elementor-row\">\n\t\t\t\t\t<div class=\"elementor-column elementor-col-66 elementor-top-column elementor-element elementor-element-d52b164\" data-id=\"d52b164\" data-element_type=\"column\">\n\t\t\t<div class=\"elementor-column-wrap elementor-element-populated\">\n\t\t\t\t\t\t\t<div class=\"elementor-widget-wrap\">\n\t\t\t\t\t\t<div class=\"elementor-element elementor-element-6be470c elementor-widget elementor-widget-text-editor\" data-id=\"6be470c\" data-element_type=\"widget\" data-widget_type=\"text-editor.default\">\n\t\t\t\t<div class=\"elementor-widget-container\">\n\t\t\t\t\t\t\t\t<div class=\"elementor-text-editor elementor-clearfix\">\n\t\t\t\t<p>Nuestros granulados de pl\u00e1stico cumplen con los m\u00e1s altos est\u00e1ndares en procesos industriales. FT-TEC representa a varias empresas en las \u00e1reas de materias primas y compuestos. La completa satisfacci\u00f3n de todos los clientes siempre ha sido una gran preocupaci\u00f3n para nosotros. Es por eso que puede confiar en los productos innovadores y progresivos de nuestra empresa. La m\u00e1xima calidad posible es especialmente importante para nosotros y elegimos a nuestros proveedores en consecuencia. Nuestras referencias le dan una imagen completa de la conciencia de calidad en nuestra empresa.<\/p>\t\t\t\t\t<\/div>\n\t\t\t\t\t\t<\/div>\n\t\t\t\t<\/div>\n\t\t\t\t\t\t<\/div>\n\t\t\t\t\t<\/div>\n\t\t<\/div>\n\t\t\t\t<div class=\"elementor-column elementor-col-33 elementor-top-column elementor-element elementor-element-8c284f5\" data-id=\"8c284f5\" data-element_type=\"column\">\n\t\t\t<div class=\"elementor-column-wrap elementor-element-populated\">\n\t\t\t\t\t\t\t<div class=\"elementor-widget-wrap\">\n\t\t\t\t\t\t<div class=\"elementor-element elementor-element-d941af3 elementor-widget elementor-widget-image\" data-id=\"d941af3\" data-element_type=\"widget\" data-widget_type=\"image.default\">\n\t\t\t\t<div class=\"elementor-widget-container\">\n\t\t\t\t\t\t\t\t<div class=\"elementor-image\">\n\t\t\t\t\t\t\t\t\t\t\t\t<img width=\"1024\" height=\"768\" src=\"https:\/\/www.ft-tec.com\/wp-content\/uploads\/2020\/10\/IMG_2772-1024x768.jpg\" class=\"attachment-large size-large wp-image-921\" alt=\"\" loading=\"lazy\" srcset=\"https:\/\/www.ft-tec.com\/wp-content\/uploads\/2020\/10\/IMG_2772-1024x768.jpg 1024w, https:\/\/www.ft-tec.com\/wp-content\/uploads\/2020\/10\/IMG_2772-300x225.jpg 300w, https:\/\/www.ft-tec.com\/wp-content\/uploads\/2020\/10\/IMG_2772-768x576.jpg 768w, https:\/\/www.ft-tec.com\/wp-content\/uploads\/2020\/10\/IMG_2772-1536x1152.jpg 1536w, https:\/\/www.ft-tec.com\/wp-content\/uploads\/2020\/10\/IMG_2772-2048x1536.jpg 2048w\" sizes=\"(max-width: 1024px) 100vw, 1024px\" \/>\t\t\t\t\t\t\t\t\t\t\t\t\t\t<\/div>\n\t\t\t\t\t\t<\/div>\n\t\t\t\t<\/div>\n\t\t\t\t\t\t<\/div>\n\t\t\t\t\t<\/div>\n\t\t<\/div>\n\t\t\t\t\t\t\t\t<\/div>\n\t\t\t\t\t<\/div>\n\t\t<\/section>\n\t\t\t\t<section class=\"elementor-section elementor-top-section elementor-element elementor-element-ccebe92 elementor-section-boxed elementor-section-height-default elementor-section-height-default\" data-id=\"ccebe92\" data-element_type=\"section\" data-settings=\"{&quot;background_background&quot;:&quot;classic&quot;}\">\n\t\t\t\t\t\t<div class=\"elementor-container elementor-column-gap-default\">\n\t\t\t\t\t\t\t<div class=\"elementor-row\">\n\t\t\t\t\t<div class=\"elementor-column elementor-col-33 elementor-top-column elementor-element elementor-element-2812047\" data-id=\"2812047\" data-element_type=\"column\">\n\t\t\t<div class=\"elementor-column-wrap elementor-element-populated\">\n\t\t\t\t\t\t\t<div class=\"elementor-widget-wrap\">\n\t\t\t\t\t\t<div class=\"elementor-element elementor-element-e5909ab elementor-widget elementor-widget-image\" data-id=\"e5909ab\" data-element_type=\"widget\" data-widget_type=\"image.default\">\n\t\t\t\t<div class=\"elementor-widget-container\">\n\t\t\t\t\t\t\t\t<div class=\"elementor-image\">\n\t\t\t\t\t\t\t\t\t\t\t\t<img width=\"1000\" height=\"678\" src=\"https:\/\/www.ft-tec.com\/wp-content\/uploads\/2020\/10\/edtstadler_Besuch-FT-TEC.jpg\" class=\"attachment-large size-large wp-image-992\" alt=\"Bundeskanzleramt \u00d6sterreich\" loading=\"lazy\" srcset=\"https:\/\/www.ft-tec.com\/wp-content\/uploads\/2020\/10\/edtstadler_Besuch-FT-TEC.jpg 1000w, https:\/\/www.ft-tec.com\/wp-content\/uploads\/2020\/10\/edtstadler_Besuch-FT-TEC-300x203.jpg 300w, https:\/\/www.ft-tec.com\/wp-content\/uploads\/2020\/10\/edtstadler_Besuch-FT-TEC-768x521.jpg 768w\" sizes=\"(max-width: 1000px) 100vw, 1000px\" \/>\t\t\t\t\t\t\t\t\t\t\t\t\t\t<\/div>\n\t\t\t\t\t\t<\/div>\n\t\t\t\t<\/div>\n\t\t\t\t\t\t<\/div>\n\t\t\t\t\t<\/div>\n\t\t<\/div>\n\t\t\t\t<div class=\"elementor-column elementor-col-66 elementor-top-column elementor-element elementor-element-90cfdee\" data-id=\"90cfdee\" data-element_type=\"column\">\n\t\t\t<div class=\"elementor-column-wrap elementor-element-populated\">\n\t\t\t\t\t\t\t<div class=\"elementor-widget-wrap\">\n\t\t\t\t\t\t<div class=\"elementor-element elementor-element-e888013 elementor-widget elementor-widget-text-editor\" data-id=\"e888013\" data-element_type=\"widget\" data-widget_type=\"text-editor.default\">\n\t\t\t\t<div class=\"elementor-widget-container\">\n\t\t\t\t\t\t\t\t<div class=\"elementor-text-editor elementor-clearfix\">\n\t\t\t\t<p>Nuestro departamento especial (corte de l\u00e1minas de pl\u00e1stico) utiliza tecnolog\u00edas de corte l\u00e1ser de alta calidad (Trotec) para geometr\u00edas 3D l\u00e1ser. Con una potencia de 80 vatios, podemos cortar, grabar y tambi\u00e9n paneles de geometr\u00eda l\u00e1ser de diferentes materiales. El corte y grabado de espesores de pared de hasta 70 mm de ciertos materiales (material espumado) es posible en cualquier momento.<\/p>\t\t\t\t\t<\/div>\n\t\t\t\t\t\t<\/div>\n\t\t\t\t<\/div>\n\t\t\t\t\t\t<\/div>\n\t\t\t\t\t<\/div>\n\t\t<\/div>\n\t\t\t\t\t\t\t\t<\/div>\n\t\t\t\t\t<\/div>\n\t\t<\/section>\n\t\t\t\t<section class=\"elementor-section elementor-top-section elementor-element elementor-element-f3b26e5 elementor-section-boxed elementor-section-height-default elementor-section-height-default\" data-id=\"f3b26e5\" data-element_type=\"section\" data-settings=\"{&quot;background_background&quot;:&quot;classic&quot;}\">\n\t\t\t\t\t\t<div class=\"elementor-container elementor-column-gap-default\">\n\t\t\t\t\t\t\t<div class=\"elementor-row\">\n\t\t\t\t\t<div class=\"elementor-column elementor-col-100 elementor-top-column elementor-element elementor-element-f10143a\" data-id=\"f10143a\" data-element_type=\"column\">\n\t\t\t<div class=\"elementor-column-wrap elementor-element-populated\">\n\t\t\t\t\t\t\t<div class=\"elementor-widget-wrap\">\n\t\t\t\t\t\t<div class=\"elementor-element elementor-element-2cb4f14 elementor-absolute elementor-widget elementor-widget-button\" data-id=\"2cb4f14\" data-element_type=\"widget\" data-settings=\"{&quot;_position&quot;:&quot;absolute&quot;}\" data-widget_type=\"button.default\">\n\t\t\t\t<div class=\"elementor-widget-container\">\n\t\t\t\t\t<div class=\"elementor-button-wrapper\">\n\t\t\t<a href=\"https:\/\/www.ft-tec.com\/es\/kontakt\/\" class=\"elementor-button-link elementor-button elementor-size-sm\" role=\"button\">\n\t\t\t\t\t\t<span class=\"elementor-button-content-wrapper\">\n\t\t\t\t\t\t\t<span class=\"elementor-button-icon elementor-align-icon-right\">\n\t\t\t\t<i aria-hidden=\"true\" class=\"fas fa-angle-right\"><\/i>\t\t\t<\/span>\n\t\t\t\t\t\t<span class=\"elementor-button-text\">hacer contacto<\/span>\n\t\t<\/span>\n\t\t\t\t\t<\/a>\n\t\t<\/div>\n\t\t\t\t<\/div>\n\t\t\t\t<\/div>\n\t\t\t\t\t\t<\/div>\n\t\t\t\t\t<\/div>\n\t\t<\/div>\n\t\t\t\t\t\t\t\t<\/div>\n\t\t\t\t\t<\/div>\n\t\t<\/section>\n\t\t\t\t<section class=\"elementor-section elementor-top-section elementor-element elementor-element-e4c6bdc elementor-section-boxed elementor-section-height-default elementor-section-height-default\" data-id=\"e4c6bdc\" data-element_type=\"section\" data-settings=\"{&quot;background_background&quot;:&quot;classic&quot;}\">\n\t\t\t\t\t\t<div class=\"elementor-container elementor-column-gap-default\">\n\t\t\t\t\t\t\t<div class=\"elementor-row\">\n\t\t\t\t\t<div class=\"elementor-column elementor-col-100 elementor-top-column elementor-element elementor-element-afbd917\" data-id=\"afbd917\" data-element_type=\"column\">\n\t\t\t<div class=\"elementor-column-wrap elementor-element-populated\">\n\t\t\t\t\t\t\t<div class=\"elementor-widget-wrap\">\n\t\t\t\t\t\t<div class=\"elementor-element elementor-element-294bc4b elementor-widget elementor-widget-spacer\" data-id=\"294bc4b\" data-element_type=\"widget\" data-widget_type=\"spacer.default\">\n\t\t\t\t<div class=\"elementor-widget-container\">\n\t\t\t\t\t<div class=\"elementor-spacer\">\n\t\t\t<div class=\"elementor-spacer-inner\"><\/div>\n\t\t<\/div>\n\t\t\t\t<\/div>\n\t\t\t\t<\/div>\n\t\t\t\t\t\t<\/div>\n\t\t\t\t\t<\/div>\n\t\t<\/div>\n\t\t\t\t\t\t\t\t<\/div>\n\t\t\t\t\t<\/div>\n\t\t<\/section>\n\t\t\t\t\t\t\t\t\t<\/div>\n\t\t\t<\/div>\n\t\t\t\t\t<\/div>","protected":false},"excerpt":{"rendered":"<p>Piezas de pl\u00e1stico FT-TEC trabaja con empresas de renombre en la industria del pl\u00e1stico. Con nuestros muchos a\u00f1os de experiencia y los conocimientos necesarios, fabricamos para productores de tecnolog\u00eda del pl\u00e1stico en las \u00e1reas de moldeo por inyecci\u00f3n y extrusi\u00f3n. En nuestra producci\u00f3n se procesan una amplia variedad de materiales, ya sean LDPE o pl\u00e1sticos de alta tecnolog\u00eda. Nuestros granulados de pl\u00e1stico cumplen con los m\u00e1s altos est\u00e1ndares en procesos industriales. Los \u2026 <a title=\"Producci\u00f3n de piezas de pl\u00e1stico\" class=\"read-more\" href=\"https:\/\/www.ft-tec.com\/es\/kunststoffteile-produktion\/\" aria-label=\"Fabricado en producci\u00f3n de piezas de pl\u00e1stico\">Vaciar m\u00e1s<\/a><\/p>","protected":false},"author":1,"featured_media":0,"parent":0,"menu_order":0,"comment_status":"closed","ping_status":"closed","template":"","meta":[],"aioseo_notices":[],"_links":{"self":[{"href":"https:\/\/www.ft-tec.com\/es\/wp-json\/wp\/v2\/pages\/695"}],"collection":[{"href":"https:\/\/www.ft-tec.com\/es\/wp-json\/wp\/v2\/pages"}],"about":[{"href":"https:\/\/www.ft-tec.com\/es\/wp-json\/wp\/v2\/types\/page"}],"author":[{"embeddable":true,"href":"https:\/\/www.ft-tec.com\/es\/wp-json\/wp\/v2\/users\/1"}],"replies":[{"embeddable":true,"href":"https:\/\/www.ft-tec.com\/es\/wp-json\/wp\/v2\/comments?post=695"}],"version-history":[{"count":9,"href":"https:\/\/www.ft-tec.com\/es\/wp-json\/wp\/v2\/pages\/695\/revisions"}],"predecessor-version":[{"id":1264,"href":"https:\/\/www.ft-tec.com\/es\/wp-json\/wp\/v2\/pages\/695\/revisions\/1264"}],"wp:attachment":[{"href":"https:\/\/www.ft-tec.com\/es\/wp-json\/wp\/v2\/media?parent=695"}],"curies":[{"name":"wp","href":"https:\/\/api.w.org\/{rel}","templated":true}]}}