{"id":83,"date":"2020-09-27T18:56:00","date_gmt":"2020-09-27T16:56:00","guid":{"rendered":"https:\/\/staging.ft-tec.com\/?page_id=83"},"modified":"2020-10-06T12:03:48","modified_gmt":"2020-10-06T10:03:48","slug":"bereiche","status":"publish","type":"page","link":"https:\/\/www.ft-tec.com\/es\/bereiche\/","title":{"rendered":"Areas"},"content":{"rendered":"<div data-elementor-type=\"wp-page\" data-elementor-id=\"83\" class=\"elementor elementor-83\">\n\t\t\t\t\t\t<div class=\"elementor-inner\">\n\t\t\t\t<div class=\"elementor-section-wrap\">\n\t\t\t\t\t\t\t\t\t<section class=\"elementor-section elementor-top-section elementor-element elementor-element-36be2a8 elementor-section-full_width elementor-section-height-min-height elementor-section-height-default elementor-section-items-middle\" data-id=\"36be2a8\" data-element_type=\"section\" data-settings=\"{&quot;background_background&quot;:&quot;classic&quot;}\">\n\t\t\t\t\t\t<div class=\"elementor-container elementor-column-gap-default\">\n\t\t\t\t\t\t\t<div class=\"elementor-row\">\n\t\t\t\t\t<div class=\"elementor-column elementor-col-100 elementor-top-column elementor-element elementor-element-a45b741\" data-id=\"a45b741\" data-element_type=\"column\">\n\t\t\t<div class=\"elementor-column-wrap\">\n\t\t\t\t\t\t\t<div class=\"elementor-widget-wrap\">\n\t\t\t\t\t\t\t\t<\/div>\n\t\t\t\t\t<\/div>\n\t\t<\/div>\n\t\t\t\t\t\t\t\t<\/div>\n\t\t\t\t\t<\/div>\n\t\t<\/section>\n\t\t\t\t<section class=\"elementor-section elementor-top-section elementor-element elementor-element-a938bcd elementor-section-boxed elementor-section-height-default elementor-section-height-default\" data-id=\"a938bcd\" data-element_type=\"section\" data-settings=\"{&quot;background_background&quot;:&quot;classic&quot;}\">\n\t\t\t\t\t\t<div class=\"elementor-container elementor-column-gap-default\">\n\t\t\t\t\t\t\t<div class=\"elementor-row\">\n\t\t\t\t\t<div class=\"elementor-column elementor-col-100 elementor-top-column elementor-element elementor-element-79e8a53\" data-id=\"79e8a53\" data-element_type=\"column\">\n\t\t\t<div class=\"elementor-column-wrap elementor-element-populated\">\n\t\t\t\t\t\t\t<div class=\"elementor-widget-wrap\">\n\t\t\t\t\t\t<div class=\"elementor-element elementor-element-603204f elementor-widget elementor-widget-spacer\" data-id=\"603204f\" data-element_type=\"widget\" data-widget_type=\"spacer.default\">\n\t\t\t\t<div class=\"elementor-widget-container\">\n\t\t\t\t\t<div class=\"elementor-spacer\">\n\t\t\t<div class=\"elementor-spacer-inner\"><\/div>\n\t\t<\/div>\n\t\t\t\t<\/div>\n\t\t\t\t<\/div>\n\t\t\t\t<div class=\"elementor-element elementor-element-685e9ef elementor-widget elementor-widget-heading\" data-id=\"685e9ef\" data-element_type=\"widget\" data-widget_type=\"heading.default\">\n\t\t\t\t<div class=\"elementor-widget-container\">\n\t\t\t<h2 class=\"elementor-heading-title elementor-size-default\">AREAS DE NEGOCIO<\/h2>\t\t<\/div>\n\t\t\t\t<\/div>\n\t\t\t\t<div class=\"elementor-element elementor-element-6a00e57 elementor-widget elementor-widget-text-editor\" data-id=\"6a00e57\" data-element_type=\"widget\" data-widget_type=\"text-editor.default\">\n\t\t\t\t<div class=\"elementor-widget-container\">\n\t\t\t\t\t\t\t\t<div class=\"elementor-text-editor elementor-clearfix\">\n\t\t\t\t<p>La empresa de FT-TEC Holding GmbH es actualmente:<\/p>\t\t\t\t\t<\/div>\n\t\t\t\t\t\t<\/div>\n\t\t\t\t<\/div>\n\t\t\t\t\t\t<\/div>\n\t\t\t\t\t<\/div>\n\t\t<\/div>\n\t\t\t\t\t\t\t\t<\/div>\n\t\t\t\t\t<\/div>\n\t\t<\/section>\n\t\t\t\t<section class=\"elementor-section elementor-top-section elementor-element elementor-element-4843e41 elementor-section-boxed elementor-section-height-default elementor-section-height-default\" data-id=\"4843e41\" data-element_type=\"section\" data-settings=\"{&quot;background_background&quot;:&quot;classic&quot;}\">\n\t\t\t\t\t\t<div class=\"elementor-container elementor-column-gap-default\">\n\t\t\t\t\t\t\t<div class=\"elementor-row\">\n\t\t\t\t\t<div class=\"elementor-column elementor-col-50 elementor-top-column elementor-element elementor-element-0004443\" data-id=\"0004443\" data-element_type=\"column\">\n\t\t\t<div class=\"elementor-column-wrap elementor-element-populated\">\n\t\t\t\t\t\t\t<div class=\"elementor-widget-wrap\">\n\t\t\t\t\t\t<div class=\"elementor-element elementor-element-bdd44f0 elementor-widget elementor-widget-image\" data-id=\"bdd44f0\" data-element_type=\"widget\" data-widget_type=\"image.default\">\n\t\t\t\t<div class=\"elementor-widget-container\">\n\t\t\t\t\t\t\t\t<div class=\"elementor-image\">\n\t\t\t\t\t\t\t\t\t\t\t\t<img width=\"300\" height=\"80\" src=\"https:\/\/www.ft-tec.com\/wp-content\/uploads\/2020\/09\/ft-tec-trading-300x80.png\" class=\"attachment-medium size-medium wp-image-288\" alt=\"\" loading=\"lazy\" srcset=\"https:\/\/www.ft-tec.com\/wp-content\/uploads\/2020\/09\/ft-tec-trading-300x80.png 300w, https:\/\/www.ft-tec.com\/wp-content\/uploads\/2020\/09\/ft-tec-trading-1024x274.png 1024w, https:\/\/www.ft-tec.com\/wp-content\/uploads\/2020\/09\/ft-tec-trading-768x205.png 768w, https:\/\/www.ft-tec.com\/wp-content\/uploads\/2020\/09\/ft-tec-trading-1536x411.png 1536w, https:\/\/www.ft-tec.com\/wp-content\/uploads\/2020\/09\/ft-tec-trading-2048x548.png 2048w\" sizes=\"(max-width: 300px) 100vw, 300px\" \/>\t\t\t\t\t\t\t\t\t\t\t\t\t\t<\/div>\n\t\t\t\t\t\t<\/div>\n\t\t\t\t<\/div>\n\t\t\t\t<div class=\"elementor-element elementor-element-ec097ed elementor-widget elementor-widget-heading\" data-id=\"ec097ed\" data-element_type=\"widget\" data-widget_type=\"heading.default\">\n\t\t\t\t<div class=\"elementor-widget-container\">\n\t\t\t<h3 class=\"elementor-heading-title elementor-size-default\">FT-TEC Trading GmbH<\/h3>\t\t<\/div>\n\t\t\t\t<\/div>\n\t\t\t\t<div class=\"elementor-element elementor-element-316c62c elementor-widget elementor-widget-text-editor\" data-id=\"316c62c\" data-element_type=\"widget\" data-widget_type=\"text-editor.default\">\n\t\t\t\t<div class=\"elementor-widget-container\">\n\t\t\t\t\t\t\t\t<div class=\"elementor-text-editor elementor-clearfix\">\n\t\t\t\t<p><b>FT-TEC Trading GmbH<\/b> comercializa productos de pl\u00e1sticos y elast\u00f3meros, pero tambi\u00e9n piezas de extrusi\u00f3n y productos comerciales como sistemas de pesaje m\u00f3viles para trenes completos.<\/p>\t\t\t\t\t<\/div>\n\t\t\t\t\t\t<\/div>\n\t\t\t\t<\/div>\n\t\t\t\t\t\t<\/div>\n\t\t\t\t\t<\/div>\n\t\t<\/div>\n\t\t\t\t<div class=\"elementor-column elementor-col-50 elementor-top-column elementor-element elementor-element-90101bb\" data-id=\"90101bb\" data-element_type=\"column\">\n\t\t\t<div class=\"elementor-column-wrap elementor-element-populated\">\n\t\t\t\t\t\t\t<div class=\"elementor-widget-wrap\">\n\t\t\t\t\t\t<div class=\"elementor-element elementor-element-1666058 elementor-widget elementor-widget-image\" data-id=\"1666058\" data-element_type=\"widget\" data-widget_type=\"image.default\">\n\t\t\t\t<div class=\"elementor-widget-container\">\n\t\t\t\t\t\t\t\t<div class=\"elementor-image\">\n\t\t\t\t\t\t\t\t\t\t\t\t<img width=\"300\" height=\"86\" src=\"https:\/\/www.ft-tec.com\/wp-content\/uploads\/2020\/09\/ft-tec-elec-300x86.png\" class=\"attachment-medium size-medium wp-image-233\" alt=\"\" loading=\"lazy\" srcset=\"https:\/\/www.ft-tec.com\/wp-content\/uploads\/2020\/09\/ft-tec-elec-300x86.png 300w, https:\/\/www.ft-tec.com\/wp-content\/uploads\/2020\/09\/ft-tec-elec-1024x292.png 1024w, https:\/\/www.ft-tec.com\/wp-content\/uploads\/2020\/09\/ft-tec-elec-768x219.png 768w, https:\/\/www.ft-tec.com\/wp-content\/uploads\/2020\/09\/ft-tec-elec-1536x438.png 1536w, https:\/\/www.ft-tec.com\/wp-content\/uploads\/2020\/09\/ft-tec-elec-2048x585.png 2048w\" sizes=\"(max-width: 300px) 100vw, 300px\" \/>\t\t\t\t\t\t\t\t\t\t\t\t\t\t<\/div>\n\t\t\t\t\t\t<\/div>\n\t\t\t\t<\/div>\n\t\t\t\t<div class=\"elementor-element elementor-element-f2fbc34 elementor-widget elementor-widget-heading\" data-id=\"f2fbc34\" data-element_type=\"widget\" data-widget_type=\"heading.default\">\n\t\t\t\t<div class=\"elementor-widget-container\">\n\t\t\t<h3 class=\"elementor-heading-title elementor-size-default\">FT-TEC Electronics GmbH<\/h3>\t\t<\/div>\n\t\t\t\t<\/div>\n\t\t\t\t<div class=\"elementor-element elementor-element-5a56a1b elementor-widget elementor-widget-text-editor\" data-id=\"5a56a1b\" data-element_type=\"widget\" data-widget_type=\"text-editor.default\">\n\t\t\t\t<div class=\"elementor-widget-container\">\n\t\t\t\t\t\t\t\t<div class=\"elementor-text-editor elementor-clearfix\">\n\t\t\t\t<p><b>FT-TEC Electronics Gm<\/b><strong>sost\u00e9n<\/strong> comercializa componentes electr\u00f3nicos y transpondedores, como sistemas de emergencia para barcos o chalecos salvavidas, as\u00ed como para protecci\u00f3n personal y contra avalanchas.<\/p><p>Puede encontrar m\u00e1s informaci\u00f3n sobre esto en <a href=\"https:\/\/www.seaangel.at\" target=\"_blank\" rel=\"noopener\">www.seaangel.at<\/a> ver.<\/p>\t\t\t\t\t<\/div>\n\t\t\t\t\t\t<\/div>\n\t\t\t\t<\/div>\n\t\t\t\t\t\t<\/div>\n\t\t\t\t\t<\/div>\n\t\t<\/div>\n\t\t\t\t\t\t\t\t<\/div>\n\t\t\t\t\t<\/div>\n\t\t<\/section>\n\t\t\t\t\t\t\t\t\t<\/div>\n\t\t\t<\/div>\n\t\t\t\t\t<\/div>","protected":false},"excerpt":{"rendered":"<p>\u00c1REAS DE NEGOCIO La empresa de FT-TEC Holding GmbH es actualmente: FT-TEC Trading GmbH FT-TEC Trading GmbH vende productos hechos de pl\u00e1sticos y elast\u00f3meros, pero tambi\u00e9n piezas de extrusi\u00f3n y productos comerciales como sistemas de pesaje m\u00f3viles para trenes completos. FT-TEC Electronics GmbH FT-TEC Electronics GmbH vende componentes electr\u00f3nicos y transpondedores, como sistemas de emergencia para barcos o chalecos salvavidas, as\u00ed como para ... <a title=\"Areas\" class=\"read-more\" href=\"https:\/\/www.ft-tec.com\/es\/bereiche\/\" aria-label=\"Mas areas\">Vaciar m\u00e1s<\/a><\/p>","protected":false},"author":3,"featured_media":0,"parent":0,"menu_order":0,"comment_status":"closed","ping_status":"closed","template":"elementor_header_footer","meta":[],"aioseo_notices":[],"_links":{"self":[{"href":"https:\/\/www.ft-tec.com\/es\/wp-json\/wp\/v2\/pages\/83"}],"collection":[{"href":"https:\/\/www.ft-tec.com\/es\/wp-json\/wp\/v2\/pages"}],"about":[{"href":"https:\/\/www.ft-tec.com\/es\/wp-json\/wp\/v2\/types\/page"}],"author":[{"embeddable":true,"href":"https:\/\/www.ft-tec.com\/es\/wp-json\/wp\/v2\/users\/3"}],"replies":[{"embeddable":true,"href":"https:\/\/www.ft-tec.com\/es\/wp-json\/wp\/v2\/comments?post=83"}],"version-history":[{"count":0,"href":"https:\/\/www.ft-tec.com\/es\/wp-json\/wp\/v2\/pages\/83\/revisions"}],"wp:attachment":[{"href":"https:\/\/www.ft-tec.com\/es\/wp-json\/wp\/v2\/media?parent=83"}],"curies":[{"name":"wp","href":"https:\/\/api.w.org\/{rel}","templated":true}]}}